{"id":12631,"date":"2020-11-12T14:53:20","date_gmt":"2020-11-12T13:53:20","guid":{"rendered":"https:\/\/www.max-aubry.io\/?post_type=product&#038;p=12631"},"modified":"2026-02-25T16:04:35","modified_gmt":"2026-02-25T15:04:35","slug":"caisse-de-bouteilles-de-champagne-aubry-a-composer","status":"publish","type":"product","link":"https:\/\/www.champagne-aubry.com\/en\/boutique-en-ligne\/non-classe\/caisse-de-bouteilles-de-champagne-aubry-a-composer\/","title":{"rendered":"Carton \u00e0 Composer"},"content":{"rendered":"<div data-elementor-type=\"product-post\" data-elementor-id=\"12631\" class=\"elementor elementor-12631\" data-elementor-post-type=\"product\">\n\t\t\t\t\t\t<section class=\"elementor-section elementor-top-section elementor-element elementor-element-3022a92c elementor-section-boxed elementor-section-height-default elementor-section-height-default\" data-id=\"3022a92c\" data-element_type=\"section\" data-e-type=\"section\">\n\t\t\t\t\t\t<div class=\"elementor-container elementor-column-gap-default\">\n\t\t\t\t\t<div class=\"elementor-column elementor-col-100 elementor-top-column elementor-element elementor-element-3a4be5e6\" data-id=\"3a4be5e6\" data-element_type=\"column\" data-e-type=\"column\">\n\t\t\t<div class=\"elementor-widget-wrap elementor-element-populated\">\n\t\t\t\t\t\t<div class=\"elementor-element elementor-element-26931b94 elementor-widget elementor-widget-text-editor\" data-id=\"26931b94\" data-element_type=\"widget\" data-e-type=\"widget\" data-widget_type=\"text-editor.default\">\n\t\t\t\t\t\t\t\t\t<p>Ideal to discover all the vintages, compose your tasting box among the collection.<\/p><p>\u00a0<\/p>\t\t\t\t\t\t\t\t<\/div>\n\t\t\t\t\t<\/div>\n\t\t<\/div>\n\t\t\t\t\t<\/div>\n\t\t<\/section>\n\t\t\t\t<\/div>","protected":false},"excerpt":{"rendered":"<p>Toute la gamme des Champagnes Aubry r\u00e9unie dans un carton de d\u00e9gustation \u00e0 composer selon les envies de chacun.<\/p>","protected":false},"featured_media":14079,"template":"","meta":[],"product_brand":[],"product_cat":[15],"product_tag":[],"class_list":{"0":"post-12631","1":"product","2":"type-product","3":"status-publish","4":"has-post-thumbnail","6":"product_cat-non-classe","8":"first","9":"instock","10":"taxable","11":"shipping-taxable","12":"purchasable","13":"product-type-mix-and-match"},"yoast_head":"<!-- This site is optimized with the Yoast SEO plugin v27.3 - https:\/\/yoast.com\/product\/yoast-seo-wordpress\/ -->\n<title>Carton \u00e0 Composer - Champagne Aubry - Jouy-l\u00e8s-Reims<\/title>\n<meta name=\"description\" content=\"Toute la gamme des Champagnes Aubry r\u00e9unie dans un carton de d\u00e9gustation \u00e0 composer selon les envies de chacun.\" \/>\n<meta name=\"robots\" content=\"index, follow, max-snippet:-1, max-image-preview:large, max-video-preview:-1\" \/>\n<link rel=\"canonical\" href=\"https:\/\/www.champagne-aubry.com\/en\/boutique-en-ligne\/non-classe\/caisse-de-bouteilles-de-champagne-aubry-a-composer\/\" \/>\n<meta property=\"og:locale\" content=\"en_GB\" \/>\n<meta property=\"og:type\" content=\"article\" \/>\n<meta property=\"og:title\" content=\"Carton \u00e0 Composer - Champagne Aubry - Jouy-l\u00e8s-Reims\" \/>\n<meta property=\"og:description\" content=\"Toute la gamme des Champagnes Aubry r\u00e9unie dans un carton de d\u00e9gustation \u00e0 composer selon les envies de chacun.\" \/>\n<meta property=\"og:url\" content=\"https:\/\/www.champagne-aubry.com\/en\/boutique-en-ligne\/non-classe\/caisse-de-bouteilles-de-champagne-aubry-a-composer\/\" \/>\n<meta property=\"og:site_name\" content=\"Champagne Aubry - Jouy-l\u00e8s-Reims\" \/>\n<meta property=\"article:modified_time\" content=\"2026-02-25T15:04:35+00:00\" \/>\n<meta property=\"og:image\" content=\"https:\/\/www.champagne-aubry.com\/wp-content\/uploads\/2020\/11\/DSC_0041-Modifier-scaled.jpg\" \/>\n\t<meta property=\"og:image:width\" content=\"2560\" \/>\n\t<meta property=\"og:image:height\" content=\"2560\" \/>\n\t<meta property=\"og:image:type\" content=\"image\/jpeg\" \/>\n<meta name=\"twitter:card\" content=\"summary_large_image\" \/>\n<meta name=\"twitter:site\" content=\"@champagne_aubry\" \/>\n<script type=\"application\/ld+json\" class=\"yoast-schema-graph\">{\"@context\":\"https:\\\/\\\/schema.org\",\"@graph\":[{\"@type\":\"WebPage\",\"@id\":\"https:\\\/\\\/www.champagne-aubry.com\\\/boutique-en-ligne\\\/non-classe\\\/caisse-de-bouteilles-de-champagne-aubry-a-composer\\\/\",\"url\":\"https:\\\/\\\/www.champagne-aubry.com\\\/boutique-en-ligne\\\/non-classe\\\/caisse-de-bouteilles-de-champagne-aubry-a-composer\\\/\",\"name\":\"Carton \u00e0 Composer - Champagne Aubry - Jouy-l\u00e8s-Reims\",\"isPartOf\":{\"@id\":\"https:\\\/\\\/www.champagne-aubry.com\\\/fr\\\/#website\"},\"primaryImageOfPage\":{\"@id\":\"https:\\\/\\\/www.champagne-aubry.com\\\/boutique-en-ligne\\\/non-classe\\\/caisse-de-bouteilles-de-champagne-aubry-a-composer\\\/#primaryimage\"},\"image\":{\"@id\":\"https:\\\/\\\/www.champagne-aubry.com\\\/boutique-en-ligne\\\/non-classe\\\/caisse-de-bouteilles-de-champagne-aubry-a-composer\\\/#primaryimage\"},\"thumbnailUrl\":\"https:\\\/\\\/www.champagne-aubry.com\\\/wp-content\\\/uploads\\\/2020\\\/11\\\/DSC_0041-Modifier-scaled.jpg\",\"datePublished\":\"2020-11-12T13:53:20+00:00\",\"dateModified\":\"2026-02-25T15:04:35+00:00\",\"description\":\"Toute la gamme des Champagnes Aubry r\u00e9unie dans un carton de d\u00e9gustation \u00e0 composer selon les envies de chacun.\",\"breadcrumb\":{\"@id\":\"https:\\\/\\\/www.champagne-aubry.com\\\/boutique-en-ligne\\\/non-classe\\\/caisse-de-bouteilles-de-champagne-aubry-a-composer\\\/#breadcrumb\"},\"inLanguage\":\"en-GB\",\"potentialAction\":[{\"@type\":\"ReadAction\",\"target\":[\"https:\\\/\\\/www.champagne-aubry.com\\\/boutique-en-ligne\\\/non-classe\\\/caisse-de-bouteilles-de-champagne-aubry-a-composer\\\/\"]}]},{\"@type\":\"ImageObject\",\"inLanguage\":\"en-GB\",\"@id\":\"https:\\\/\\\/www.champagne-aubry.com\\\/boutique-en-ligne\\\/non-classe\\\/caisse-de-bouteilles-de-champagne-aubry-a-composer\\\/#primaryimage\",\"url\":\"https:\\\/\\\/www.champagne-aubry.com\\\/wp-content\\\/uploads\\\/2020\\\/11\\\/DSC_0041-Modifier-scaled.jpg\",\"contentUrl\":\"https:\\\/\\\/www.champagne-aubry.com\\\/wp-content\\\/uploads\\\/2020\\\/11\\\/DSC_0041-Modifier-scaled.jpg\",\"width\":2560,\"height\":2560,\"caption\":\"Une photo des bouteilles qui composent la gamme des champagnes Aubry\"},{\"@type\":\"BreadcrumbList\",\"@id\":\"https:\\\/\\\/www.champagne-aubry.com\\\/boutique-en-ligne\\\/non-classe\\\/caisse-de-bouteilles-de-champagne-aubry-a-composer\\\/#breadcrumb\",\"itemListElement\":[{\"@type\":\"ListItem\",\"position\":1,\"name\":\"Accueil\",\"item\":\"https:\\\/\\\/www.champagne-aubry.com\\\/\"},{\"@type\":\"ListItem\",\"position\":2,\"name\":\"Boutique\",\"item\":\"https:\\\/\\\/www.champagne-aubry.com\\\/fr\\\/boutique-en-ligne\\\/\"},{\"@type\":\"ListItem\",\"position\":3,\"name\":\"Carton \u00e0 Composer\"}]},{\"@type\":\"WebSite\",\"@id\":\"https:\\\/\\\/www.champagne-aubry.com\\\/fr\\\/#website\",\"url\":\"https:\\\/\\\/www.champagne-aubry.com\\\/fr\\\/\",\"name\":\"Champagne Aubry - Jouy-l\u00e8s-Reims\",\"description\":\"Le Site de la Maison de Champagne L. Aubry Fils\",\"publisher\":{\"@id\":\"https:\\\/\\\/www.champagne-aubry.com\\\/fr\\\/#organization\"},\"potentialAction\":[{\"@type\":\"SearchAction\",\"target\":{\"@type\":\"EntryPoint\",\"urlTemplate\":\"https:\\\/\\\/www.champagne-aubry.com\\\/fr\\\/?s={search_term_string}\"},\"query-input\":{\"@type\":\"PropertyValueSpecification\",\"valueRequired\":true,\"valueName\":\"search_term_string\"}}],\"inLanguage\":\"en-GB\"},{\"@type\":\"Organization\",\"@id\":\"https:\\\/\\\/www.champagne-aubry.com\\\/fr\\\/#organization\",\"name\":\"Champagne Aubry\",\"url\":\"https:\\\/\\\/www.champagne-aubry.com\\\/fr\\\/\",\"logo\":{\"@type\":\"ImageObject\",\"inLanguage\":\"en-GB\",\"@id\":\"https:\\\/\\\/www.champagne-aubry.com\\\/fr\\\/#\\\/schema\\\/logo\\\/image\\\/\",\"url\":\"https:\\\/\\\/www.champagne-aubry.com\\\/wp-content\\\/uploads\\\/2020\\\/07\\\/logo_champagne_aubry_transparent.png\",\"contentUrl\":\"https:\\\/\\\/www.champagne-aubry.com\\\/wp-content\\\/uploads\\\/2020\\\/07\\\/logo_champagne_aubry_transparent.png\",\"width\":739,\"height\":231,\"caption\":\"Champagne Aubry\"},\"image\":{\"@id\":\"https:\\\/\\\/www.champagne-aubry.com\\\/fr\\\/#\\\/schema\\\/logo\\\/image\\\/\"},\"sameAs\":[\"https:\\\/\\\/x.com\\\/champagne_aubry\",\"https:\\\/\\\/www.instagram.com\\\/champagne_aubry\\\/\",\"https:\\\/\\\/www.linkedin.com\\\/company\\\/champagne-aubry\\\/\"]}]}<\/script>\n<!-- \/ Yoast SEO plugin. -->","yoast_head_json":{"title":"Carton \u00e0 Composer - Champagne Aubry - Jouy-l\u00e8s-Reims","description":"Toute la gamme des Champagnes Aubry r\u00e9unie dans un carton de d\u00e9gustation \u00e0 composer selon les envies de chacun.","robots":{"index":"index","follow":"follow","max-snippet":"max-snippet:-1","max-image-preview":"max-image-preview:large","max-video-preview":"max-video-preview:-1"},"canonical":"https:\/\/www.champagne-aubry.com\/en\/boutique-en-ligne\/non-classe\/caisse-de-bouteilles-de-champagne-aubry-a-composer\/","og_locale":"en_GB","og_type":"article","og_title":"Carton \u00e0 Composer - Champagne Aubry - Jouy-l\u00e8s-Reims","og_description":"Toute la gamme des Champagnes Aubry r\u00e9unie dans un carton de d\u00e9gustation \u00e0 composer selon les envies de chacun.","og_url":"https:\/\/www.champagne-aubry.com\/en\/boutique-en-ligne\/non-classe\/caisse-de-bouteilles-de-champagne-aubry-a-composer\/","og_site_name":"Champagne Aubry - Jouy-l\u00e8s-Reims","article_modified_time":"2026-02-25T15:04:35+00:00","og_image":[{"width":2560,"height":2560,"url":"https:\/\/www.champagne-aubry.com\/wp-content\/uploads\/2020\/11\/DSC_0041-Modifier-scaled.jpg","type":"image\/jpeg"}],"twitter_card":"summary_large_image","twitter_site":"@champagne_aubry","schema":{"@context":"https:\/\/schema.org","@graph":[{"@type":"WebPage","@id":"https:\/\/www.champagne-aubry.com\/boutique-en-ligne\/non-classe\/caisse-de-bouteilles-de-champagne-aubry-a-composer\/","url":"https:\/\/www.champagne-aubry.com\/boutique-en-ligne\/non-classe\/caisse-de-bouteilles-de-champagne-aubry-a-composer\/","name":"Carton \u00e0 Composer - Champagne Aubry - Jouy-l\u00e8s-Reims","isPartOf":{"@id":"https:\/\/www.champagne-aubry.com\/fr\/#website"},"primaryImageOfPage":{"@id":"https:\/\/www.champagne-aubry.com\/boutique-en-ligne\/non-classe\/caisse-de-bouteilles-de-champagne-aubry-a-composer\/#primaryimage"},"image":{"@id":"https:\/\/www.champagne-aubry.com\/boutique-en-ligne\/non-classe\/caisse-de-bouteilles-de-champagne-aubry-a-composer\/#primaryimage"},"thumbnailUrl":"https:\/\/www.champagne-aubry.com\/wp-content\/uploads\/2020\/11\/DSC_0041-Modifier-scaled.jpg","datePublished":"2020-11-12T13:53:20+00:00","dateModified":"2026-02-25T15:04:35+00:00","description":"Toute la gamme des Champagnes Aubry r\u00e9unie dans un carton de d\u00e9gustation \u00e0 composer selon les envies de chacun.","breadcrumb":{"@id":"https:\/\/www.champagne-aubry.com\/boutique-en-ligne\/non-classe\/caisse-de-bouteilles-de-champagne-aubry-a-composer\/#breadcrumb"},"inLanguage":"en-GB","potentialAction":[{"@type":"ReadAction","target":["https:\/\/www.champagne-aubry.com\/boutique-en-ligne\/non-classe\/caisse-de-bouteilles-de-champagne-aubry-a-composer\/"]}]},{"@type":"ImageObject","inLanguage":"en-GB","@id":"https:\/\/www.champagne-aubry.com\/boutique-en-ligne\/non-classe\/caisse-de-bouteilles-de-champagne-aubry-a-composer\/#primaryimage","url":"https:\/\/www.champagne-aubry.com\/wp-content\/uploads\/2020\/11\/DSC_0041-Modifier-scaled.jpg","contentUrl":"https:\/\/www.champagne-aubry.com\/wp-content\/uploads\/2020\/11\/DSC_0041-Modifier-scaled.jpg","width":2560,"height":2560,"caption":"Une photo des bouteilles qui composent la gamme des champagnes Aubry"},{"@type":"BreadcrumbList","@id":"https:\/\/www.champagne-aubry.com\/boutique-en-ligne\/non-classe\/caisse-de-bouteilles-de-champagne-aubry-a-composer\/#breadcrumb","itemListElement":[{"@type":"ListItem","position":1,"name":"Accueil","item":"https:\/\/www.champagne-aubry.com\/"},{"@type":"ListItem","position":2,"name":"Boutique","item":"https:\/\/www.champagne-aubry.com\/fr\/boutique-en-ligne\/"},{"@type":"ListItem","position":3,"name":"Carton \u00e0 Composer"}]},{"@type":"WebSite","@id":"https:\/\/www.champagne-aubry.com\/fr\/#website","url":"https:\/\/www.champagne-aubry.com\/fr\/","name":"Champagne Aubry - Jouy-l\u00e8s-Reims","description":"Le Site de la Maison de Champagne L. Aubry Fils","publisher":{"@id":"https:\/\/www.champagne-aubry.com\/fr\/#organization"},"potentialAction":[{"@type":"SearchAction","target":{"@type":"EntryPoint","urlTemplate":"https:\/\/www.champagne-aubry.com\/fr\/?s={search_term_string}"},"query-input":{"@type":"PropertyValueSpecification","valueRequired":true,"valueName":"search_term_string"}}],"inLanguage":"en-GB"},{"@type":"Organization","@id":"https:\/\/www.champagne-aubry.com\/fr\/#organization","name":"Champagne Aubry","url":"https:\/\/www.champagne-aubry.com\/fr\/","logo":{"@type":"ImageObject","inLanguage":"en-GB","@id":"https:\/\/www.champagne-aubry.com\/fr\/#\/schema\/logo\/image\/","url":"https:\/\/www.champagne-aubry.com\/wp-content\/uploads\/2020\/07\/logo_champagne_aubry_transparent.png","contentUrl":"https:\/\/www.champagne-aubry.com\/wp-content\/uploads\/2020\/07\/logo_champagne_aubry_transparent.png","width":739,"height":231,"caption":"Champagne Aubry"},"image":{"@id":"https:\/\/www.champagne-aubry.com\/fr\/#\/schema\/logo\/image\/"},"sameAs":["https:\/\/x.com\/champagne_aubry","https:\/\/www.instagram.com\/champagne_aubry\/","https:\/\/www.linkedin.com\/company\/champagne-aubry\/"]}]}},"jetpack_sharing_enabled":true,"_links":{"self":[{"href":"https:\/\/www.champagne-aubry.com\/en\/wp-json\/wp\/v2\/product\/12631","targetHints":{"allow":["GET"]}}],"collection":[{"href":"https:\/\/www.champagne-aubry.com\/en\/wp-json\/wp\/v2\/product"}],"about":[{"href":"https:\/\/www.champagne-aubry.com\/en\/wp-json\/wp\/v2\/types\/product"}],"version-history":[{"count":10,"href":"https:\/\/www.champagne-aubry.com\/en\/wp-json\/wp\/v2\/product\/12631\/revisions"}],"predecessor-version":[{"id":14225,"href":"https:\/\/www.champagne-aubry.com\/en\/wp-json\/wp\/v2\/product\/12631\/revisions\/14225"}],"wp:featuredmedia":[{"embeddable":true,"href":"https:\/\/www.champagne-aubry.com\/en\/wp-json\/wp\/v2\/media\/14079"}],"wp:attachment":[{"href":"https:\/\/www.champagne-aubry.com\/en\/wp-json\/wp\/v2\/media?parent=12631"}],"wp:term":[{"taxonomy":"product_brand","embeddable":true,"href":"https:\/\/www.champagne-aubry.com\/en\/wp-json\/wp\/v2\/product_brand?post=12631"},{"taxonomy":"product_cat","embeddable":true,"href":"https:\/\/www.champagne-aubry.com\/en\/wp-json\/wp\/v2\/product_cat?post=12631"},{"taxonomy":"product_tag","embeddable":true,"href":"https:\/\/www.champagne-aubry.com\/en\/wp-json\/wp\/v2\/product_tag?post=12631"}],"curies":[{"name":"wp","href":"https:\/\/api.w.org\/{rel}","templated":true}]}}