{"id":12601,"date":"2020-11-10T17:29:05","date_gmt":"2020-11-10T16:29:05","guid":{"rendered":"https:\/\/www.max-aubry.io\/?post_type=product&#038;p=12601"},"modified":"2025-12-04T10:42:35","modified_gmt":"2025-12-04T09:42:35","slug":"champagne-aubry-le-nombre-dor-sable-blanc-des-blancs-millesime-2020","status":"publish","type":"product","link":"https:\/\/www.champagne-aubry.com\/en\/boutique-en-ligne\/champagnes-cepages-ancien\/champagne-aubry-le-nombre-dor-sable-blanc-des-blancs-millesime-2020\/","title":{"rendered":"Le Nombre d\u2019Or \u2013 Sabl\u00e9 Blanc des Blancs \u2013 2020 (box of 6)"},"content":{"rendered":"<p>R\u00e9union du Chardonnay et de trois c\u00e9pages anciens oubli\u00e9s de la Champagne : l\u2019Arbane donne au vin un rendu nerveux et bouquet\u00e9, le Petit Meslier g\u00e9n\u00e9reux, apporte fra\u00eecheur et fruit\u00e9, le Chardonnay fin \u00e9l\u00e9gant le dote d\u2019une grande puissance aromatique, et l\u2019exotique Pinot blanc finit la composition. Le tirage de ce vin en \u00ab petite mousse \u00bb (sabl\u00e9) l\u00e9g\u00e8rement p\u00e9tillant (4 bar de pression) le distingue par une impression cr\u00e9meuse en bouche tr\u00e8s recherch\u00e9e par les amateurs.<\/p>\n<p>Tasting notes: From the outset, the wine is lively and airy with its chiseled nose of flowers, bergamot and ginger. On the palate, the liveliness and sharpness of the wine accompanies clear flavors that linger for a long time. Vibrant, straightforward, and stimulating, it is a wine that perfectly assumes its status as a blanc de blancs, providing a great sensation of purity and naturalness, with a beautiful, honeyed quality.<\/p>","protected":false},"excerpt":{"rendered":"<p>1 case of 6 bottles of Champagne Aubry Le Nombre d'Or Sabl\u00e9 Blanc des Blancs Mill\u00e9sime 2020<\/p>\n<p class=\"translation-block\"><strong>Villages<\/strong>: Villedommange, Pargny-l\u00e8s-Reims, Jouy-l\u00e8s-Reims and Coulommes-la-Montagne,\nclassified as Premier Cru<\/p>\n<p><strong>Blend<\/strong> : 40 % Chardonnay, 25 % Arbane, 25 % Petit Meslier, 10 % Pinot Blanc. Fermentation malolactique recherch\u00e9e, \u00e9levage sur lattes 36 mois minimum.<\/p>\n<p><strong>Dosage<\/strong> 0 g\/l \u2013 Brut nature<\/p>\n<p><strong>Tirage\u00a0<\/strong>Juillet 2022, 1036 bouteilles<\/p>\n<p><strong>Vintage 2020, available from August 2025<\/strong><\/p>\n<p>&nbsp;<\/p>","protected":false},"featured_media":13980,"template":"","meta":[],"product_brand":[],"product_cat":[62],"product_tag":[80,59,65,57],"class_list":{"0":"post-12601","1":"product","2":"type-product","3":"status-publish","4":"has-post-thumbnail","6":"product_cat-champagnes-cepages-ancien","7":"product_tag-80","8":"product_tag-champagne","9":"product_tag-le-nombre-dor","10":"product_tag-millesime","12":"first","13":"instock","14":"taxable","15":"shipping-taxable","16":"purchasable","17":"product-type-simple"},"yoast_head":"<!-- This site is optimized with the Yoast SEO plugin v27.3 - https:\/\/yoast.com\/product\/yoast-seo-wordpress\/ -->\n<title>Le Nombre d&#039;Or - Sabl\u00e9 Blanc des Blancs - 2020 (par 6) - Champagne Aubry - Jouy-l\u00e8s-Reims<\/title>\n<meta name=\"description\" content=\"Champagne Le Nombre d&#039;Or Sabl\u00e9 Blanc des Blancs r\u00e9unissant les 4 c\u00e9pages blancs de la Champagne : Arbanne, Petit Meslier, Pinot Gris et Chardonnay\" \/>\n<meta name=\"robots\" content=\"index, follow, max-snippet:-1, max-image-preview:large, max-video-preview:-1\" \/>\n<link rel=\"canonical\" href=\"https:\/\/www.champagne-aubry.com\/en\/boutique-en-ligne\/champagnes-cepages-ancien\/champagne-aubry-le-nombre-dor-sable-blanc-des-blancs-millesime-2020\/\" \/>\n<meta property=\"og:locale\" content=\"en_GB\" \/>\n<meta property=\"og:type\" content=\"article\" \/>\n<meta property=\"og:title\" content=\"Le Nombre d&#039;Or - Sabl\u00e9 Blanc des Blancs - 2020 (par 6) - Champagne Aubry - Jouy-l\u00e8s-Reims\" \/>\n<meta property=\"og:description\" content=\"Champagne Le Nombre d&#039;Or Sabl\u00e9 Blanc des Blancs r\u00e9unissant les 4 c\u00e9pages blancs de la Champagne : Arbanne, Petit Meslier, Pinot Gris et Chardonnay\" \/>\n<meta property=\"og:url\" content=\"https:\/\/www.champagne-aubry.com\/en\/boutique-en-ligne\/champagnes-cepages-ancien\/champagne-aubry-le-nombre-dor-sable-blanc-des-blancs-millesime-2020\/\" \/>\n<meta property=\"og:site_name\" content=\"Champagne Aubry - Jouy-l\u00e8s-Reims\" \/>\n<meta property=\"article:modified_time\" content=\"2025-12-04T09:42:35+00:00\" \/>\n<meta property=\"og:image\" content=\"https:\/\/www.champagne-aubry.com\/wp-content\/uploads\/2025\/03\/Bouteille_de_Champagne_Aubry_Le_Nombre_Dor_Sable_Blanc_des_Blancs-scaled.jpg\" \/>\n\t<meta property=\"og:image:width\" content=\"1920\" \/>\n\t<meta property=\"og:image:height\" content=\"2560\" \/>\n\t<meta property=\"og:image:type\" content=\"image\/jpeg\" \/>\n<meta name=\"twitter:card\" content=\"summary_large_image\" \/>\n<meta name=\"twitter:site\" content=\"@champagne_aubry\" \/>\n<meta name=\"twitter:label1\" content=\"Estimated reading time\" \/>\n\t<meta name=\"twitter:data1\" content=\"1 minute\" \/>\n<script type=\"application\/ld+json\" class=\"yoast-schema-graph\">{\"@context\":\"https:\\\/\\\/schema.org\",\"@graph\":[{\"@type\":\"WebPage\",\"@id\":\"https:\\\/\\\/www.champagne-aubry.com\\\/boutique-en-ligne\\\/champagnes-cepages-ancien\\\/champagne-aubry-le-nombre-dor-sable-blanc-des-blancs-millesime-2020\\\/\",\"url\":\"https:\\\/\\\/www.champagne-aubry.com\\\/boutique-en-ligne\\\/champagnes-cepages-ancien\\\/champagne-aubry-le-nombre-dor-sable-blanc-des-blancs-millesime-2020\\\/\",\"name\":\"Le Nombre d'Or - Sabl\u00e9 Blanc des Blancs - 2020 (par 6) - Champagne Aubry - Jouy-l\u00e8s-Reims\",\"isPartOf\":{\"@id\":\"https:\\\/\\\/www.champagne-aubry.com\\\/fr\\\/#website\"},\"primaryImageOfPage\":{\"@id\":\"https:\\\/\\\/www.champagne-aubry.com\\\/boutique-en-ligne\\\/champagnes-cepages-ancien\\\/champagne-aubry-le-nombre-dor-sable-blanc-des-blancs-millesime-2020\\\/#primaryimage\"},\"image\":{\"@id\":\"https:\\\/\\\/www.champagne-aubry.com\\\/boutique-en-ligne\\\/champagnes-cepages-ancien\\\/champagne-aubry-le-nombre-dor-sable-blanc-des-blancs-millesime-2020\\\/#primaryimage\"},\"thumbnailUrl\":\"https:\\\/\\\/www.champagne-aubry.com\\\/wp-content\\\/uploads\\\/2025\\\/03\\\/Bouteille_de_Champagne_Aubry_Le_Nombre_Dor_Sable_Blanc_des_Blancs-scaled.jpg\",\"datePublished\":\"2020-11-10T16:29:05+00:00\",\"dateModified\":\"2025-12-04T09:42:35+00:00\",\"description\":\"Champagne Le Nombre d'Or Sabl\u00e9 Blanc des Blancs r\u00e9unissant les 4 c\u00e9pages blancs de la Champagne : Arbanne, Petit Meslier, Pinot Gris et Chardonnay\",\"breadcrumb\":{\"@id\":\"https:\\\/\\\/www.champagne-aubry.com\\\/boutique-en-ligne\\\/champagnes-cepages-ancien\\\/champagne-aubry-le-nombre-dor-sable-blanc-des-blancs-millesime-2020\\\/#breadcrumb\"},\"inLanguage\":\"en-GB\",\"potentialAction\":[{\"@type\":\"ReadAction\",\"target\":[\"https:\\\/\\\/www.champagne-aubry.com\\\/boutique-en-ligne\\\/champagnes-cepages-ancien\\\/champagne-aubry-le-nombre-dor-sable-blanc-des-blancs-millesime-2020\\\/\"]}]},{\"@type\":\"ImageObject\",\"inLanguage\":\"en-GB\",\"@id\":\"https:\\\/\\\/www.champagne-aubry.com\\\/boutique-en-ligne\\\/champagnes-cepages-ancien\\\/champagne-aubry-le-nombre-dor-sable-blanc-des-blancs-millesime-2020\\\/#primaryimage\",\"url\":\"https:\\\/\\\/www.champagne-aubry.com\\\/wp-content\\\/uploads\\\/2025\\\/03\\\/Bouteille_de_Champagne_Aubry_Le_Nombre_Dor_Sable_Blanc_des_Blancs-scaled.jpg\",\"contentUrl\":\"https:\\\/\\\/www.champagne-aubry.com\\\/wp-content\\\/uploads\\\/2025\\\/03\\\/Bouteille_de_Champagne_Aubry_Le_Nombre_Dor_Sable_Blanc_des_Blancs-scaled.jpg\",\"width\":1920,\"height\":2560,\"caption\":\"Photo d'une bouteille de champagne Aubry Le Nombre d'Or Sabl\u00e9 Blanc des Blancs\"},{\"@type\":\"BreadcrumbList\",\"@id\":\"https:\\\/\\\/www.champagne-aubry.com\\\/boutique-en-ligne\\\/champagnes-cepages-ancien\\\/champagne-aubry-le-nombre-dor-sable-blanc-des-blancs-millesime-2020\\\/#breadcrumb\",\"itemListElement\":[{\"@type\":\"ListItem\",\"position\":1,\"name\":\"Accueil\",\"item\":\"https:\\\/\\\/www.champagne-aubry.com\\\/\"},{\"@type\":\"ListItem\",\"position\":2,\"name\":\"Boutique\",\"item\":\"https:\\\/\\\/www.champagne-aubry.com\\\/fr\\\/boutique-en-ligne\\\/\"},{\"@type\":\"ListItem\",\"position\":3,\"name\":\"Le Nombre d&rsquo;Or &#8211; Sabl\u00e9 Blanc des Blancs &#8211; 2020 (par 6)\"}]},{\"@type\":\"WebSite\",\"@id\":\"https:\\\/\\\/www.champagne-aubry.com\\\/fr\\\/#website\",\"url\":\"https:\\\/\\\/www.champagne-aubry.com\\\/fr\\\/\",\"name\":\"Champagne Aubry - Jouy-l\u00e8s-Reims\",\"description\":\"Le Site de la Maison de Champagne L. Aubry Fils\",\"publisher\":{\"@id\":\"https:\\\/\\\/www.champagne-aubry.com\\\/fr\\\/#organization\"},\"potentialAction\":[{\"@type\":\"SearchAction\",\"target\":{\"@type\":\"EntryPoint\",\"urlTemplate\":\"https:\\\/\\\/www.champagne-aubry.com\\\/fr\\\/?s={search_term_string}\"},\"query-input\":{\"@type\":\"PropertyValueSpecification\",\"valueRequired\":true,\"valueName\":\"search_term_string\"}}],\"inLanguage\":\"en-GB\"},{\"@type\":\"Organization\",\"@id\":\"https:\\\/\\\/www.champagne-aubry.com\\\/fr\\\/#organization\",\"name\":\"Champagne Aubry\",\"url\":\"https:\\\/\\\/www.champagne-aubry.com\\\/fr\\\/\",\"logo\":{\"@type\":\"ImageObject\",\"inLanguage\":\"en-GB\",\"@id\":\"https:\\\/\\\/www.champagne-aubry.com\\\/fr\\\/#\\\/schema\\\/logo\\\/image\\\/\",\"url\":\"https:\\\/\\\/www.champagne-aubry.com\\\/wp-content\\\/uploads\\\/2020\\\/07\\\/logo_champagne_aubry_transparent.png\",\"contentUrl\":\"https:\\\/\\\/www.champagne-aubry.com\\\/wp-content\\\/uploads\\\/2020\\\/07\\\/logo_champagne_aubry_transparent.png\",\"width\":739,\"height\":231,\"caption\":\"Champagne Aubry\"},\"image\":{\"@id\":\"https:\\\/\\\/www.champagne-aubry.com\\\/fr\\\/#\\\/schema\\\/logo\\\/image\\\/\"},\"sameAs\":[\"https:\\\/\\\/x.com\\\/champagne_aubry\",\"https:\\\/\\\/www.instagram.com\\\/champagne_aubry\\\/\",\"https:\\\/\\\/www.linkedin.com\\\/company\\\/champagne-aubry\\\/\"]}]}<\/script>\n<!-- \/ Yoast SEO plugin. -->","yoast_head_json":{"title":"Le Nombre d'Or - Sabl\u00e9 Blanc des Blancs - 2020 (par 6) - Champagne Aubry - Jouy-l\u00e8s-Reims","description":"Champagne Le Nombre d'Or Sabl\u00e9 Blanc des Blancs r\u00e9unissant les 4 c\u00e9pages blancs de la Champagne : Arbanne, Petit Meslier, Pinot Gris et Chardonnay","robots":{"index":"index","follow":"follow","max-snippet":"max-snippet:-1","max-image-preview":"max-image-preview:large","max-video-preview":"max-video-preview:-1"},"canonical":"https:\/\/www.champagne-aubry.com\/en\/boutique-en-ligne\/champagnes-cepages-ancien\/champagne-aubry-le-nombre-dor-sable-blanc-des-blancs-millesime-2020\/","og_locale":"en_GB","og_type":"article","og_title":"Le Nombre d'Or - Sabl\u00e9 Blanc des Blancs - 2020 (par 6) - Champagne Aubry - Jouy-l\u00e8s-Reims","og_description":"Champagne Le Nombre d'Or Sabl\u00e9 Blanc des Blancs r\u00e9unissant les 4 c\u00e9pages blancs de la Champagne : Arbanne, Petit Meslier, Pinot Gris et Chardonnay","og_url":"https:\/\/www.champagne-aubry.com\/en\/boutique-en-ligne\/champagnes-cepages-ancien\/champagne-aubry-le-nombre-dor-sable-blanc-des-blancs-millesime-2020\/","og_site_name":"Champagne Aubry - Jouy-l\u00e8s-Reims","article_modified_time":"2025-12-04T09:42:35+00:00","og_image":[{"width":1920,"height":2560,"url":"https:\/\/www.champagne-aubry.com\/wp-content\/uploads\/2025\/03\/Bouteille_de_Champagne_Aubry_Le_Nombre_Dor_Sable_Blanc_des_Blancs-scaled.jpg","type":"image\/jpeg"}],"twitter_card":"summary_large_image","twitter_site":"@champagne_aubry","twitter_misc":{"Estimated reading time":"1 minute"},"schema":{"@context":"https:\/\/schema.org","@graph":[{"@type":"WebPage","@id":"https:\/\/www.champagne-aubry.com\/boutique-en-ligne\/champagnes-cepages-ancien\/champagne-aubry-le-nombre-dor-sable-blanc-des-blancs-millesime-2020\/","url":"https:\/\/www.champagne-aubry.com\/boutique-en-ligne\/champagnes-cepages-ancien\/champagne-aubry-le-nombre-dor-sable-blanc-des-blancs-millesime-2020\/","name":"Le Nombre d'Or - Sabl\u00e9 Blanc des Blancs - 2020 (par 6) - Champagne Aubry - Jouy-l\u00e8s-Reims","isPartOf":{"@id":"https:\/\/www.champagne-aubry.com\/fr\/#website"},"primaryImageOfPage":{"@id":"https:\/\/www.champagne-aubry.com\/boutique-en-ligne\/champagnes-cepages-ancien\/champagne-aubry-le-nombre-dor-sable-blanc-des-blancs-millesime-2020\/#primaryimage"},"image":{"@id":"https:\/\/www.champagne-aubry.com\/boutique-en-ligne\/champagnes-cepages-ancien\/champagne-aubry-le-nombre-dor-sable-blanc-des-blancs-millesime-2020\/#primaryimage"},"thumbnailUrl":"https:\/\/www.champagne-aubry.com\/wp-content\/uploads\/2025\/03\/Bouteille_de_Champagne_Aubry_Le_Nombre_Dor_Sable_Blanc_des_Blancs-scaled.jpg","datePublished":"2020-11-10T16:29:05+00:00","dateModified":"2025-12-04T09:42:35+00:00","description":"Champagne Le Nombre d'Or Sabl\u00e9 Blanc des Blancs r\u00e9unissant les 4 c\u00e9pages blancs de la Champagne : Arbanne, Petit Meslier, Pinot Gris et Chardonnay","breadcrumb":{"@id":"https:\/\/www.champagne-aubry.com\/boutique-en-ligne\/champagnes-cepages-ancien\/champagne-aubry-le-nombre-dor-sable-blanc-des-blancs-millesime-2020\/#breadcrumb"},"inLanguage":"en-GB","potentialAction":[{"@type":"ReadAction","target":["https:\/\/www.champagne-aubry.com\/boutique-en-ligne\/champagnes-cepages-ancien\/champagne-aubry-le-nombre-dor-sable-blanc-des-blancs-millesime-2020\/"]}]},{"@type":"ImageObject","inLanguage":"en-GB","@id":"https:\/\/www.champagne-aubry.com\/boutique-en-ligne\/champagnes-cepages-ancien\/champagne-aubry-le-nombre-dor-sable-blanc-des-blancs-millesime-2020\/#primaryimage","url":"https:\/\/www.champagne-aubry.com\/wp-content\/uploads\/2025\/03\/Bouteille_de_Champagne_Aubry_Le_Nombre_Dor_Sable_Blanc_des_Blancs-scaled.jpg","contentUrl":"https:\/\/www.champagne-aubry.com\/wp-content\/uploads\/2025\/03\/Bouteille_de_Champagne_Aubry_Le_Nombre_Dor_Sable_Blanc_des_Blancs-scaled.jpg","width":1920,"height":2560,"caption":"Photo d'une bouteille de champagne Aubry Le Nombre d'Or Sabl\u00e9 Blanc des Blancs"},{"@type":"BreadcrumbList","@id":"https:\/\/www.champagne-aubry.com\/boutique-en-ligne\/champagnes-cepages-ancien\/champagne-aubry-le-nombre-dor-sable-blanc-des-blancs-millesime-2020\/#breadcrumb","itemListElement":[{"@type":"ListItem","position":1,"name":"Accueil","item":"https:\/\/www.champagne-aubry.com\/"},{"@type":"ListItem","position":2,"name":"Boutique","item":"https:\/\/www.champagne-aubry.com\/fr\/boutique-en-ligne\/"},{"@type":"ListItem","position":3,"name":"Le Nombre d&rsquo;Or &#8211; Sabl\u00e9 Blanc des Blancs &#8211; 2020 (par 6)"}]},{"@type":"WebSite","@id":"https:\/\/www.champagne-aubry.com\/fr\/#website","url":"https:\/\/www.champagne-aubry.com\/fr\/","name":"Champagne Aubry - Jouy-l\u00e8s-Reims","description":"Le Site de la Maison de Champagne L. Aubry Fils","publisher":{"@id":"https:\/\/www.champagne-aubry.com\/fr\/#organization"},"potentialAction":[{"@type":"SearchAction","target":{"@type":"EntryPoint","urlTemplate":"https:\/\/www.champagne-aubry.com\/fr\/?s={search_term_string}"},"query-input":{"@type":"PropertyValueSpecification","valueRequired":true,"valueName":"search_term_string"}}],"inLanguage":"en-GB"},{"@type":"Organization","@id":"https:\/\/www.champagne-aubry.com\/fr\/#organization","name":"Champagne Aubry","url":"https:\/\/www.champagne-aubry.com\/fr\/","logo":{"@type":"ImageObject","inLanguage":"en-GB","@id":"https:\/\/www.champagne-aubry.com\/fr\/#\/schema\/logo\/image\/","url":"https:\/\/www.champagne-aubry.com\/wp-content\/uploads\/2020\/07\/logo_champagne_aubry_transparent.png","contentUrl":"https:\/\/www.champagne-aubry.com\/wp-content\/uploads\/2020\/07\/logo_champagne_aubry_transparent.png","width":739,"height":231,"caption":"Champagne Aubry"},"image":{"@id":"https:\/\/www.champagne-aubry.com\/fr\/#\/schema\/logo\/image\/"},"sameAs":["https:\/\/x.com\/champagne_aubry","https:\/\/www.instagram.com\/champagne_aubry\/","https:\/\/www.linkedin.com\/company\/champagne-aubry\/"]}]}},"jetpack_sharing_enabled":true,"_links":{"self":[{"href":"https:\/\/www.champagne-aubry.com\/en\/wp-json\/wp\/v2\/product\/12601","targetHints":{"allow":["GET"]}}],"collection":[{"href":"https:\/\/www.champagne-aubry.com\/en\/wp-json\/wp\/v2\/product"}],"about":[{"href":"https:\/\/www.champagne-aubry.com\/en\/wp-json\/wp\/v2\/types\/product"}],"version-history":[{"count":22,"href":"https:\/\/www.champagne-aubry.com\/en\/wp-json\/wp\/v2\/product\/12601\/revisions"}],"predecessor-version":[{"id":14121,"href":"https:\/\/www.champagne-aubry.com\/en\/wp-json\/wp\/v2\/product\/12601\/revisions\/14121"}],"wp:featuredmedia":[{"embeddable":true,"href":"https:\/\/www.champagne-aubry.com\/en\/wp-json\/wp\/v2\/media\/13980"}],"wp:attachment":[{"href":"https:\/\/www.champagne-aubry.com\/en\/wp-json\/wp\/v2\/media?parent=12601"}],"wp:term":[{"taxonomy":"product_brand","embeddable":true,"href":"https:\/\/www.champagne-aubry.com\/en\/wp-json\/wp\/v2\/product_brand?post=12601"},{"taxonomy":"product_cat","embeddable":true,"href":"https:\/\/www.champagne-aubry.com\/en\/wp-json\/wp\/v2\/product_cat?post=12601"},{"taxonomy":"product_tag","embeddable":true,"href":"https:\/\/www.champagne-aubry.com\/en\/wp-json\/wp\/v2\/product_tag?post=12601"}],"curies":[{"name":"wp","href":"https:\/\/api.w.org\/{rel}","templated":true}]}}