{"id":12599,"date":"2020-11-10T17:24:49","date_gmt":"2020-11-10T16:24:49","guid":{"rendered":"https:\/\/www.max-aubry.io\/?post_type=product&#038;p=12599"},"modified":"2025-03-25T22:23:26","modified_gmt":"2025-03-25T21:23:26","slug":"champagne-aubry-ivoire-et-ebene-millesime-2011","status":"publish","type":"product","link":"https:\/\/www.champagne-aubry.com\/en\/boutique-en-ligne\/champagne-cuvees-precieuses\/champagne-aubry-ivoire-et-ebene-millesime-2011\/","title":{"rendered":"Ivoire et \u00c9b\u00e8ne \u2013 2022 (box of 6)"},"content":{"rendered":"<p>Champagne built on the contrast between the noble Chardonnay \"Ivoire\" and the rustic Meunier \"Eb\u00e8ne\", both coming exclusively from the village of Jouy-l\u00e8s-Reims.<\/p>\n<p>Tasting notes: The nose seduces with its orange, ripe yellow fruit, and nougat aromas. The same contrast is found on the palate where the Chardonnay gives the frame, firm and tense, wrapped by the delicate roundness of the Meunier. Its low dosage gives it a very clean finish.<\/p>","protected":false},"excerpt":{"rendered":"<p>1 case of 6 bottles of Champagne Aubry Ivoire et \u00c9b\u00e8ne<\/p>\n<p class=\"translation-block\"><strong>Village<\/strong>: Jouy-L\u00e8s-Reims, classified as Premier Cru.<\/p>\n<p><strong>Blend<\/strong> : 60 % Chardonnay from the \u2018l'Auditeur\u2019 locality, with very stony soil and a steep south-facing slope, rare for the region. Vinified entirely in barrels of varying ages for 9 months. The remainder is made up of 30% from a selection of old Meunier vines on clay-silt soils facing east and 10% Pinot Noir. The wine undergoes malolactic fermentation and matures on lattes for a minimum of 36 months.<\/p>\n<p><strong>Dosage<\/strong> 3 g\/l \u2013 Extra brut<\/p>\n<p><strong>Vintage 2022<\/strong> &#8211; <em>Available late 2026<\/em><\/p>","protected":false},"featured_media":13978,"template":"","meta":[],"product_brand":[],"product_cat":[61],"product_tag":[78,59,57],"class_list":{"0":"post-12599","1":"product","2":"type-product","3":"status-publish","4":"has-post-thumbnail","6":"product_cat-champagne-cuvees-precieuses","7":"product_tag-78","8":"product_tag-champagne","9":"product_tag-millesime","11":"first","12":"outofstock","13":"taxable","14":"shipping-taxable","15":"purchasable","16":"product-type-simple"},"yoast_head":"<!-- This site is optimized with the Yoast SEO plugin v27.4 - https:\/\/yoast.com\/product\/yoast-seo-wordpress\/ -->\n<title>Ivoire et \u00c9b\u00e8ne - 2022 (par 6) - Champagne Aubry - Jouy-l\u00e8s-Reims<\/title>\n<meta name=\"description\" content=\"Champagne construit sur le contraste entre le Chardonnay \u00ab\u00a0Ivoire\u00a0\u00bb et le Meunier \u00ab\u00a0Eb\u00e8ne\u00a0\u00bb, tous deux issus exclusivement du vignoble de Jouy-l\u00e8s-Reims.\" \/>\n<meta name=\"robots\" content=\"index, follow, max-snippet:-1, max-image-preview:large, max-video-preview:-1\" \/>\n<link rel=\"canonical\" href=\"https:\/\/www.champagne-aubry.com\/en\/boutique-en-ligne\/champagne-cuvees-precieuses\/champagne-aubry-ivoire-et-ebene-millesime-2011\/\" \/>\n<meta property=\"og:locale\" content=\"en_GB\" \/>\n<meta property=\"og:type\" content=\"article\" \/>\n<meta property=\"og:title\" content=\"Ivoire et \u00c9b\u00e8ne - 2022 (par 6) - Champagne Aubry - Jouy-l\u00e8s-Reims\" \/>\n<meta property=\"og:description\" content=\"Champagne construit sur le contraste entre le Chardonnay \u00ab\u00a0Ivoire\u00a0\u00bb et le Meunier \u00ab\u00a0Eb\u00e8ne\u00a0\u00bb, tous deux issus exclusivement du vignoble de Jouy-l\u00e8s-Reims.\" \/>\n<meta property=\"og:url\" content=\"https:\/\/www.champagne-aubry.com\/en\/boutique-en-ligne\/champagne-cuvees-precieuses\/champagne-aubry-ivoire-et-ebene-millesime-2011\/\" \/>\n<meta property=\"og:site_name\" content=\"Champagne Aubry - Jouy-l\u00e8s-Reims\" \/>\n<meta property=\"article:modified_time\" content=\"2025-03-25T21:23:26+00:00\" \/>\n<meta property=\"og:image\" content=\"https:\/\/www.champagne-aubry.com\/wp-content\/uploads\/2025\/03\/Bouteille_de_Champagne_Aubry_Ivoire_Et_Ebene-scaled.jpg\" \/>\n\t<meta property=\"og:image:width\" content=\"1920\" \/>\n\t<meta property=\"og:image:height\" content=\"2560\" \/>\n\t<meta property=\"og:image:type\" content=\"image\/jpeg\" \/>\n<meta name=\"twitter:card\" content=\"summary_large_image\" \/>\n<meta name=\"twitter:site\" content=\"@champagne_aubry\" \/>\n<meta name=\"twitter:label1\" content=\"Estimated reading time\" \/>\n\t<meta name=\"twitter:data1\" content=\"1 minute\" \/>\n<script type=\"application\/ld+json\" class=\"yoast-schema-graph\">{\"@context\":\"https:\\\/\\\/schema.org\",\"@graph\":[{\"@type\":\"WebPage\",\"@id\":\"https:\\\/\\\/www.champagne-aubry.com\\\/boutique-en-ligne\\\/champagne-cuvees-precieuses\\\/champagne-aubry-ivoire-et-ebene-millesime-2011\\\/\",\"url\":\"https:\\\/\\\/www.champagne-aubry.com\\\/boutique-en-ligne\\\/champagne-cuvees-precieuses\\\/champagne-aubry-ivoire-et-ebene-millesime-2011\\\/\",\"name\":\"Ivoire et \u00c9b\u00e8ne - 2022 (par 6) - Champagne Aubry - Jouy-l\u00e8s-Reims\",\"isPartOf\":{\"@id\":\"https:\\\/\\\/www.champagne-aubry.com\\\/fr\\\/#website\"},\"primaryImageOfPage\":{\"@id\":\"https:\\\/\\\/www.champagne-aubry.com\\\/boutique-en-ligne\\\/champagne-cuvees-precieuses\\\/champagne-aubry-ivoire-et-ebene-millesime-2011\\\/#primaryimage\"},\"image\":{\"@id\":\"https:\\\/\\\/www.champagne-aubry.com\\\/boutique-en-ligne\\\/champagne-cuvees-precieuses\\\/champagne-aubry-ivoire-et-ebene-millesime-2011\\\/#primaryimage\"},\"thumbnailUrl\":\"https:\\\/\\\/www.champagne-aubry.com\\\/wp-content\\\/uploads\\\/2025\\\/03\\\/Bouteille_de_Champagne_Aubry_Ivoire_Et_Ebene-scaled.jpg\",\"datePublished\":\"2020-11-10T16:24:49+00:00\",\"dateModified\":\"2025-03-25T21:23:26+00:00\",\"description\":\"Champagne construit sur le contraste entre le Chardonnay \u00ab\u00a0Ivoire\u00a0\u00bb et le Meunier \u00ab\u00a0Eb\u00e8ne\u00a0\u00bb, tous deux issus exclusivement du vignoble de Jouy-l\u00e8s-Reims.\",\"breadcrumb\":{\"@id\":\"https:\\\/\\\/www.champagne-aubry.com\\\/boutique-en-ligne\\\/champagne-cuvees-precieuses\\\/champagne-aubry-ivoire-et-ebene-millesime-2011\\\/#breadcrumb\"},\"inLanguage\":\"en-GB\",\"potentialAction\":[{\"@type\":\"ReadAction\",\"target\":[\"https:\\\/\\\/www.champagne-aubry.com\\\/boutique-en-ligne\\\/champagne-cuvees-precieuses\\\/champagne-aubry-ivoire-et-ebene-millesime-2011\\\/\"]}]},{\"@type\":\"ImageObject\",\"inLanguage\":\"en-GB\",\"@id\":\"https:\\\/\\\/www.champagne-aubry.com\\\/boutique-en-ligne\\\/champagne-cuvees-precieuses\\\/champagne-aubry-ivoire-et-ebene-millesime-2011\\\/#primaryimage\",\"url\":\"https:\\\/\\\/www.champagne-aubry.com\\\/wp-content\\\/uploads\\\/2025\\\/03\\\/Bouteille_de_Champagne_Aubry_Ivoire_Et_Ebene-scaled.jpg\",\"contentUrl\":\"https:\\\/\\\/www.champagne-aubry.com\\\/wp-content\\\/uploads\\\/2025\\\/03\\\/Bouteille_de_Champagne_Aubry_Ivoire_Et_Ebene-scaled.jpg\",\"width\":1920,\"height\":2560,\"caption\":\"Photo d'une bouteille de champagne Aubry Ivoire et \u00c9b\u00e8ne\"},{\"@type\":\"BreadcrumbList\",\"@id\":\"https:\\\/\\\/www.champagne-aubry.com\\\/boutique-en-ligne\\\/champagne-cuvees-precieuses\\\/champagne-aubry-ivoire-et-ebene-millesime-2011\\\/#breadcrumb\",\"itemListElement\":[{\"@type\":\"ListItem\",\"position\":1,\"name\":\"Accueil\",\"item\":\"https:\\\/\\\/www.champagne-aubry.com\\\/\"},{\"@type\":\"ListItem\",\"position\":2,\"name\":\"Boutique\",\"item\":\"https:\\\/\\\/www.champagne-aubry.com\\\/fr\\\/boutique-en-ligne\\\/\"},{\"@type\":\"ListItem\",\"position\":3,\"name\":\"Ivoire et \u00c9b\u00e8ne &#8211; 2022 (par 6)\"}]},{\"@type\":\"WebSite\",\"@id\":\"https:\\\/\\\/www.champagne-aubry.com\\\/fr\\\/#website\",\"url\":\"https:\\\/\\\/www.champagne-aubry.com\\\/fr\\\/\",\"name\":\"Champagne Aubry - Jouy-l\u00e8s-Reims\",\"description\":\"Le Site de la Maison de Champagne L. Aubry Fils\",\"publisher\":{\"@id\":\"https:\\\/\\\/www.champagne-aubry.com\\\/fr\\\/#organization\"},\"potentialAction\":[{\"@type\":\"SearchAction\",\"target\":{\"@type\":\"EntryPoint\",\"urlTemplate\":\"https:\\\/\\\/www.champagne-aubry.com\\\/fr\\\/?s={search_term_string}\"},\"query-input\":{\"@type\":\"PropertyValueSpecification\",\"valueRequired\":true,\"valueName\":\"search_term_string\"}}],\"inLanguage\":\"en-GB\"},{\"@type\":\"Organization\",\"@id\":\"https:\\\/\\\/www.champagne-aubry.com\\\/fr\\\/#organization\",\"name\":\"Champagne Aubry\",\"url\":\"https:\\\/\\\/www.champagne-aubry.com\\\/fr\\\/\",\"logo\":{\"@type\":\"ImageObject\",\"inLanguage\":\"en-GB\",\"@id\":\"https:\\\/\\\/www.champagne-aubry.com\\\/fr\\\/#\\\/schema\\\/logo\\\/image\\\/\",\"url\":\"https:\\\/\\\/www.champagne-aubry.com\\\/wp-content\\\/uploads\\\/2020\\\/07\\\/logo_champagne_aubry_transparent.png\",\"contentUrl\":\"https:\\\/\\\/www.champagne-aubry.com\\\/wp-content\\\/uploads\\\/2020\\\/07\\\/logo_champagne_aubry_transparent.png\",\"width\":739,\"height\":231,\"caption\":\"Champagne Aubry\"},\"image\":{\"@id\":\"https:\\\/\\\/www.champagne-aubry.com\\\/fr\\\/#\\\/schema\\\/logo\\\/image\\\/\"},\"sameAs\":[\"https:\\\/\\\/x.com\\\/champagne_aubry\",\"https:\\\/\\\/www.instagram.com\\\/champagne_aubry\\\/\",\"https:\\\/\\\/www.linkedin.com\\\/company\\\/champagne-aubry\\\/\"]}]}<\/script>\n<!-- \/ Yoast SEO plugin. -->","yoast_head_json":{"title":"Ivoire et \u00c9b\u00e8ne - 2022 (par 6) - Champagne Aubry - Jouy-l\u00e8s-Reims","description":"Champagne construit sur le contraste entre le Chardonnay \u00ab\u00a0Ivoire\u00a0\u00bb et le Meunier \u00ab\u00a0Eb\u00e8ne\u00a0\u00bb, tous deux issus exclusivement du vignoble de Jouy-l\u00e8s-Reims.","robots":{"index":"index","follow":"follow","max-snippet":"max-snippet:-1","max-image-preview":"max-image-preview:large","max-video-preview":"max-video-preview:-1"},"canonical":"https:\/\/www.champagne-aubry.com\/en\/boutique-en-ligne\/champagne-cuvees-precieuses\/champagne-aubry-ivoire-et-ebene-millesime-2011\/","og_locale":"en_GB","og_type":"article","og_title":"Ivoire et \u00c9b\u00e8ne - 2022 (par 6) - Champagne Aubry - Jouy-l\u00e8s-Reims","og_description":"Champagne construit sur le contraste entre le Chardonnay \u00ab\u00a0Ivoire\u00a0\u00bb et le Meunier \u00ab\u00a0Eb\u00e8ne\u00a0\u00bb, tous deux issus exclusivement du vignoble de Jouy-l\u00e8s-Reims.","og_url":"https:\/\/www.champagne-aubry.com\/en\/boutique-en-ligne\/champagne-cuvees-precieuses\/champagne-aubry-ivoire-et-ebene-millesime-2011\/","og_site_name":"Champagne Aubry - Jouy-l\u00e8s-Reims","article_modified_time":"2025-03-25T21:23:26+00:00","og_image":[{"width":1920,"height":2560,"url":"https:\/\/www.champagne-aubry.com\/wp-content\/uploads\/2025\/03\/Bouteille_de_Champagne_Aubry_Ivoire_Et_Ebene-scaled.jpg","type":"image\/jpeg"}],"twitter_card":"summary_large_image","twitter_site":"@champagne_aubry","twitter_misc":{"Estimated reading time":"1 minute"},"schema":{"@context":"https:\/\/schema.org","@graph":[{"@type":"WebPage","@id":"https:\/\/www.champagne-aubry.com\/boutique-en-ligne\/champagne-cuvees-precieuses\/champagne-aubry-ivoire-et-ebene-millesime-2011\/","url":"https:\/\/www.champagne-aubry.com\/boutique-en-ligne\/champagne-cuvees-precieuses\/champagne-aubry-ivoire-et-ebene-millesime-2011\/","name":"Ivoire et \u00c9b\u00e8ne - 2022 (par 6) - Champagne Aubry - Jouy-l\u00e8s-Reims","isPartOf":{"@id":"https:\/\/www.champagne-aubry.com\/fr\/#website"},"primaryImageOfPage":{"@id":"https:\/\/www.champagne-aubry.com\/boutique-en-ligne\/champagne-cuvees-precieuses\/champagne-aubry-ivoire-et-ebene-millesime-2011\/#primaryimage"},"image":{"@id":"https:\/\/www.champagne-aubry.com\/boutique-en-ligne\/champagne-cuvees-precieuses\/champagne-aubry-ivoire-et-ebene-millesime-2011\/#primaryimage"},"thumbnailUrl":"https:\/\/www.champagne-aubry.com\/wp-content\/uploads\/2025\/03\/Bouteille_de_Champagne_Aubry_Ivoire_Et_Ebene-scaled.jpg","datePublished":"2020-11-10T16:24:49+00:00","dateModified":"2025-03-25T21:23:26+00:00","description":"Champagne construit sur le contraste entre le Chardonnay \u00ab\u00a0Ivoire\u00a0\u00bb et le Meunier \u00ab\u00a0Eb\u00e8ne\u00a0\u00bb, tous deux issus exclusivement du vignoble de Jouy-l\u00e8s-Reims.","breadcrumb":{"@id":"https:\/\/www.champagne-aubry.com\/boutique-en-ligne\/champagne-cuvees-precieuses\/champagne-aubry-ivoire-et-ebene-millesime-2011\/#breadcrumb"},"inLanguage":"en-GB","potentialAction":[{"@type":"ReadAction","target":["https:\/\/www.champagne-aubry.com\/boutique-en-ligne\/champagne-cuvees-precieuses\/champagne-aubry-ivoire-et-ebene-millesime-2011\/"]}]},{"@type":"ImageObject","inLanguage":"en-GB","@id":"https:\/\/www.champagne-aubry.com\/boutique-en-ligne\/champagne-cuvees-precieuses\/champagne-aubry-ivoire-et-ebene-millesime-2011\/#primaryimage","url":"https:\/\/www.champagne-aubry.com\/wp-content\/uploads\/2025\/03\/Bouteille_de_Champagne_Aubry_Ivoire_Et_Ebene-scaled.jpg","contentUrl":"https:\/\/www.champagne-aubry.com\/wp-content\/uploads\/2025\/03\/Bouteille_de_Champagne_Aubry_Ivoire_Et_Ebene-scaled.jpg","width":1920,"height":2560,"caption":"Photo d'une bouteille de champagne Aubry Ivoire et \u00c9b\u00e8ne"},{"@type":"BreadcrumbList","@id":"https:\/\/www.champagne-aubry.com\/boutique-en-ligne\/champagne-cuvees-precieuses\/champagne-aubry-ivoire-et-ebene-millesime-2011\/#breadcrumb","itemListElement":[{"@type":"ListItem","position":1,"name":"Accueil","item":"https:\/\/www.champagne-aubry.com\/"},{"@type":"ListItem","position":2,"name":"Boutique","item":"https:\/\/www.champagne-aubry.com\/fr\/boutique-en-ligne\/"},{"@type":"ListItem","position":3,"name":"Ivoire et \u00c9b\u00e8ne &#8211; 2022 (par 6)"}]},{"@type":"WebSite","@id":"https:\/\/www.champagne-aubry.com\/fr\/#website","url":"https:\/\/www.champagne-aubry.com\/fr\/","name":"Champagne Aubry - Jouy-l\u00e8s-Reims","description":"Le Site de la Maison de Champagne L. Aubry Fils","publisher":{"@id":"https:\/\/www.champagne-aubry.com\/fr\/#organization"},"potentialAction":[{"@type":"SearchAction","target":{"@type":"EntryPoint","urlTemplate":"https:\/\/www.champagne-aubry.com\/fr\/?s={search_term_string}"},"query-input":{"@type":"PropertyValueSpecification","valueRequired":true,"valueName":"search_term_string"}}],"inLanguage":"en-GB"},{"@type":"Organization","@id":"https:\/\/www.champagne-aubry.com\/fr\/#organization","name":"Champagne Aubry","url":"https:\/\/www.champagne-aubry.com\/fr\/","logo":{"@type":"ImageObject","inLanguage":"en-GB","@id":"https:\/\/www.champagne-aubry.com\/fr\/#\/schema\/logo\/image\/","url":"https:\/\/www.champagne-aubry.com\/wp-content\/uploads\/2020\/07\/logo_champagne_aubry_transparent.png","contentUrl":"https:\/\/www.champagne-aubry.com\/wp-content\/uploads\/2020\/07\/logo_champagne_aubry_transparent.png","width":739,"height":231,"caption":"Champagne Aubry"},"image":{"@id":"https:\/\/www.champagne-aubry.com\/fr\/#\/schema\/logo\/image\/"},"sameAs":["https:\/\/x.com\/champagne_aubry","https:\/\/www.instagram.com\/champagne_aubry\/","https:\/\/www.linkedin.com\/company\/champagne-aubry\/"]}]}},"jetpack_sharing_enabled":true,"_links":{"self":[{"href":"https:\/\/www.champagne-aubry.com\/en\/wp-json\/wp\/v2\/product\/12599","targetHints":{"allow":["GET"]}}],"collection":[{"href":"https:\/\/www.champagne-aubry.com\/en\/wp-json\/wp\/v2\/product"}],"about":[{"href":"https:\/\/www.champagne-aubry.com\/en\/wp-json\/wp\/v2\/types\/product"}],"version-history":[{"count":10,"href":"https:\/\/www.champagne-aubry.com\/en\/wp-json\/wp\/v2\/product\/12599\/revisions"}],"predecessor-version":[{"id":14062,"href":"https:\/\/www.champagne-aubry.com\/en\/wp-json\/wp\/v2\/product\/12599\/revisions\/14062"}],"wp:featuredmedia":[{"embeddable":true,"href":"https:\/\/www.champagne-aubry.com\/en\/wp-json\/wp\/v2\/media\/13978"}],"wp:attachment":[{"href":"https:\/\/www.champagne-aubry.com\/en\/wp-json\/wp\/v2\/media?parent=12599"}],"wp:term":[{"taxonomy":"product_brand","embeddable":true,"href":"https:\/\/www.champagne-aubry.com\/en\/wp-json\/wp\/v2\/product_brand?post=12599"},{"taxonomy":"product_cat","embeddable":true,"href":"https:\/\/www.champagne-aubry.com\/en\/wp-json\/wp\/v2\/product_cat?post=12599"},{"taxonomy":"product_tag","embeddable":true,"href":"https:\/\/www.champagne-aubry.com\/en\/wp-json\/wp\/v2\/product_tag?post=12599"}],"curies":[{"name":"wp","href":"https:\/\/api.w.org\/{rel}","templated":true}]}}