{"id":12596,"date":"2020-11-10T17:20:35","date_gmt":"2020-11-10T16:20:35","guid":{"rendered":"https:\/\/www.max-aubry.io\/?post_type=product&#038;p=12596"},"modified":"2026-04-12T12:29:52","modified_gmt":"2026-04-12T10:29:52","slug":"champagne-aubry-sable-rose-millesime-2020","status":"publish","type":"product","link":"https:\/\/www.champagne-aubry.com\/en\/boutique-en-ligne\/champagne-cuvees-precieuses\/champagne-aubry-sable-rose-millesime-2020\/","title":{"rendered":"Le Nombre d\u2019Or \u2013 Sabl\u00e9 Ros\u00e9 \u2013 2020 (box of 6)"},"content":{"rendered":"<p>This Champagne wine was created in 1986 for the bicentenary of the house, celebrated five years later, with the aim of reviving the style of 18th-century Champagne wines. Grey tints obtained through careful maceration during pressing; light sparkle (sandy) from tirage en petite mousse (around 4 bar pressure); no dosage.<\/p>\n<p>Tasting notes: A nose dominated by citrus peel, mandarin, with slightly smoky notes and exotic scents. On the palate, the wine is firm, with a very nice liveliness and an almost tannic touch. Multiple possibilities at the table.<\/p>","protected":false},"excerpt":{"rendered":"<p>1 case of 6 bottles of Champagne Aubry Sabl\u00e9 Ros\u00e9 Mill\u00e9sime 2020<\/p>\n<p class=\"translation-block\"><strong>Villages<\/strong>: Villedommange, Pargny-l\u00e8s-Reims, Jouy-l\u00e8s-Reims and Coulommes-la-Montagne,\nclassified as Premier Cru<\/p>\n<p><strong>Blend<\/strong> : 38% Chardonnay, 25% Arbanne, 25% Petit Meslier, 10% Pinot Blanc, 2% Pinot Noir (red wine). Malolactic fermentation, aged on lattes for a minimum of 48 months.<\/p>\n<p><strong>Dosage<\/strong> : 0 g\/l \u2013 Brut nature<\/p>\n<p><strong>Vintage 2020<\/strong><\/p>","protected":false},"featured_media":13981,"template":"","meta":[],"product_brand":[],"product_cat":[61],"product_tag":[80,59,57,68,64],"class_list":{"0":"post-12596","1":"product","2":"type-product","3":"status-publish","4":"has-post-thumbnail","6":"product_cat-champagne-cuvees-precieuses","7":"product_tag-80","8":"product_tag-champagne","9":"product_tag-millesime","10":"product_tag-rose","11":"product_tag-sable","13":"first","14":"instock","15":"taxable","16":"shipping-taxable","17":"purchasable","18":"product-type-simple"},"yoast_head":"<!-- This site is optimized with the Yoast SEO plugin v27.3 - https:\/\/yoast.com\/product\/yoast-seo-wordpress\/ -->\n<title>Le Nombre d&#039;Or - Sabl\u00e9 Ros\u00e9 - 2020 (par 6) - Champagne Aubry - Jouy-l\u00e8s-Reims<\/title>\n<meta name=\"description\" content=\"Vin de Champagne imagin\u00e9 en 1986 pour le bicentenaire de la maison. Reflets gris, l\u00e9ger p\u00e9tillant (sabl\u00e9), absence de dosage (brut nature).\" \/>\n<meta name=\"robots\" content=\"index, follow, max-snippet:-1, max-image-preview:large, max-video-preview:-1\" \/>\n<link rel=\"canonical\" href=\"https:\/\/www.champagne-aubry.com\/en\/boutique-en-ligne\/champagne-cuvees-precieuses\/champagne-aubry-sable-rose-millesime-2020\/\" \/>\n<meta property=\"og:locale\" content=\"en_GB\" \/>\n<meta property=\"og:type\" content=\"article\" \/>\n<meta property=\"og:title\" content=\"Le Nombre d&#039;Or - Sabl\u00e9 Ros\u00e9 - 2020 (par 6) - Champagne Aubry - Jouy-l\u00e8s-Reims\" \/>\n<meta property=\"og:description\" content=\"Vin de Champagne imagin\u00e9 en 1986 pour le bicentenaire de la maison. Reflets gris, l\u00e9ger p\u00e9tillant (sabl\u00e9), absence de dosage (brut nature).\" \/>\n<meta property=\"og:url\" content=\"https:\/\/www.champagne-aubry.com\/en\/boutique-en-ligne\/champagne-cuvees-precieuses\/champagne-aubry-sable-rose-millesime-2020\/\" \/>\n<meta property=\"og:site_name\" content=\"Champagne Aubry - Jouy-l\u00e8s-Reims\" \/>\n<meta property=\"article:modified_time\" content=\"2026-04-12T10:29:52+00:00\" \/>\n<meta property=\"og:image\" content=\"https:\/\/www.champagne-aubry.com\/wp-content\/uploads\/2025\/03\/Bouteille_de_Champagne_Aubry_Le_Nombre_Dor_Sable_Rose-scaled.jpg\" \/>\n\t<meta property=\"og:image:width\" content=\"1920\" \/>\n\t<meta property=\"og:image:height\" content=\"2560\" \/>\n\t<meta property=\"og:image:type\" content=\"image\/jpeg\" \/>\n<meta name=\"twitter:card\" content=\"summary_large_image\" \/>\n<meta name=\"twitter:site\" content=\"@champagne_aubry\" \/>\n<meta name=\"twitter:label1\" content=\"Estimated reading time\" \/>\n\t<meta name=\"twitter:data1\" content=\"1 minute\" \/>\n<script type=\"application\/ld+json\" class=\"yoast-schema-graph\">{\"@context\":\"https:\\\/\\\/schema.org\",\"@graph\":[{\"@type\":\"WebPage\",\"@id\":\"https:\\\/\\\/www.champagne-aubry.com\\\/boutique-en-ligne\\\/champagne-cuvees-precieuses\\\/champagne-aubry-sable-rose-millesime-2020\\\/\",\"url\":\"https:\\\/\\\/www.champagne-aubry.com\\\/boutique-en-ligne\\\/champagne-cuvees-precieuses\\\/champagne-aubry-sable-rose-millesime-2020\\\/\",\"name\":\"Le Nombre d'Or - Sabl\u00e9 Ros\u00e9 - 2020 (par 6) - Champagne Aubry - Jouy-l\u00e8s-Reims\",\"isPartOf\":{\"@id\":\"https:\\\/\\\/www.champagne-aubry.com\\\/fr\\\/#website\"},\"primaryImageOfPage\":{\"@id\":\"https:\\\/\\\/www.champagne-aubry.com\\\/boutique-en-ligne\\\/champagne-cuvees-precieuses\\\/champagne-aubry-sable-rose-millesime-2020\\\/#primaryimage\"},\"image\":{\"@id\":\"https:\\\/\\\/www.champagne-aubry.com\\\/boutique-en-ligne\\\/champagne-cuvees-precieuses\\\/champagne-aubry-sable-rose-millesime-2020\\\/#primaryimage\"},\"thumbnailUrl\":\"https:\\\/\\\/www.champagne-aubry.com\\\/wp-content\\\/uploads\\\/2025\\\/03\\\/Bouteille_de_Champagne_Aubry_Le_Nombre_Dor_Sable_Rose-scaled.jpg\",\"datePublished\":\"2020-11-10T16:20:35+00:00\",\"dateModified\":\"2026-04-12T10:29:52+00:00\",\"description\":\"Vin de Champagne imagin\u00e9 en 1986 pour le bicentenaire de la maison. Reflets gris, l\u00e9ger p\u00e9tillant (sabl\u00e9), absence de dosage (brut nature).\",\"breadcrumb\":{\"@id\":\"https:\\\/\\\/www.champagne-aubry.com\\\/boutique-en-ligne\\\/champagne-cuvees-precieuses\\\/champagne-aubry-sable-rose-millesime-2020\\\/#breadcrumb\"},\"inLanguage\":\"en-GB\",\"potentialAction\":[{\"@type\":\"ReadAction\",\"target\":[\"https:\\\/\\\/www.champagne-aubry.com\\\/boutique-en-ligne\\\/champagne-cuvees-precieuses\\\/champagne-aubry-sable-rose-millesime-2020\\\/\"]}]},{\"@type\":\"ImageObject\",\"inLanguage\":\"en-GB\",\"@id\":\"https:\\\/\\\/www.champagne-aubry.com\\\/boutique-en-ligne\\\/champagne-cuvees-precieuses\\\/champagne-aubry-sable-rose-millesime-2020\\\/#primaryimage\",\"url\":\"https:\\\/\\\/www.champagne-aubry.com\\\/wp-content\\\/uploads\\\/2025\\\/03\\\/Bouteille_de_Champagne_Aubry_Le_Nombre_Dor_Sable_Rose-scaled.jpg\",\"contentUrl\":\"https:\\\/\\\/www.champagne-aubry.com\\\/wp-content\\\/uploads\\\/2025\\\/03\\\/Bouteille_de_Champagne_Aubry_Le_Nombre_Dor_Sable_Rose-scaled.jpg\",\"width\":1920,\"height\":2560,\"caption\":\"Photo d'une bouteille de champagne Aubry Le Nombre d'Or Sabl\u00e9 Ros\u00e9\"},{\"@type\":\"BreadcrumbList\",\"@id\":\"https:\\\/\\\/www.champagne-aubry.com\\\/boutique-en-ligne\\\/champagne-cuvees-precieuses\\\/champagne-aubry-sable-rose-millesime-2020\\\/#breadcrumb\",\"itemListElement\":[{\"@type\":\"ListItem\",\"position\":1,\"name\":\"Accueil\",\"item\":\"https:\\\/\\\/www.champagne-aubry.com\\\/\"},{\"@type\":\"ListItem\",\"position\":2,\"name\":\"Boutique\",\"item\":\"https:\\\/\\\/www.champagne-aubry.com\\\/fr\\\/boutique-en-ligne\\\/\"},{\"@type\":\"ListItem\",\"position\":3,\"name\":\"Le Nombre d&rsquo;Or &#8211; Sabl\u00e9 Ros\u00e9 &#8211; 2020 (par 6)\"}]},{\"@type\":\"WebSite\",\"@id\":\"https:\\\/\\\/www.champagne-aubry.com\\\/fr\\\/#website\",\"url\":\"https:\\\/\\\/www.champagne-aubry.com\\\/fr\\\/\",\"name\":\"Champagne Aubry - Jouy-l\u00e8s-Reims\",\"description\":\"Le Site de la Maison de Champagne L. Aubry Fils\",\"publisher\":{\"@id\":\"https:\\\/\\\/www.champagne-aubry.com\\\/fr\\\/#organization\"},\"potentialAction\":[{\"@type\":\"SearchAction\",\"target\":{\"@type\":\"EntryPoint\",\"urlTemplate\":\"https:\\\/\\\/www.champagne-aubry.com\\\/fr\\\/?s={search_term_string}\"},\"query-input\":{\"@type\":\"PropertyValueSpecification\",\"valueRequired\":true,\"valueName\":\"search_term_string\"}}],\"inLanguage\":\"en-GB\"},{\"@type\":\"Organization\",\"@id\":\"https:\\\/\\\/www.champagne-aubry.com\\\/fr\\\/#organization\",\"name\":\"Champagne Aubry\",\"url\":\"https:\\\/\\\/www.champagne-aubry.com\\\/fr\\\/\",\"logo\":{\"@type\":\"ImageObject\",\"inLanguage\":\"en-GB\",\"@id\":\"https:\\\/\\\/www.champagne-aubry.com\\\/fr\\\/#\\\/schema\\\/logo\\\/image\\\/\",\"url\":\"https:\\\/\\\/www.champagne-aubry.com\\\/wp-content\\\/uploads\\\/2020\\\/07\\\/logo_champagne_aubry_transparent.png\",\"contentUrl\":\"https:\\\/\\\/www.champagne-aubry.com\\\/wp-content\\\/uploads\\\/2020\\\/07\\\/logo_champagne_aubry_transparent.png\",\"width\":739,\"height\":231,\"caption\":\"Champagne Aubry\"},\"image\":{\"@id\":\"https:\\\/\\\/www.champagne-aubry.com\\\/fr\\\/#\\\/schema\\\/logo\\\/image\\\/\"},\"sameAs\":[\"https:\\\/\\\/x.com\\\/champagne_aubry\",\"https:\\\/\\\/www.instagram.com\\\/champagne_aubry\\\/\",\"https:\\\/\\\/www.linkedin.com\\\/company\\\/champagne-aubry\\\/\"]}]}<\/script>\n<!-- \/ Yoast SEO plugin. -->","yoast_head_json":{"title":"Le Nombre d'Or - Sabl\u00e9 Ros\u00e9 - 2020 (par 6) - Champagne Aubry - Jouy-l\u00e8s-Reims","description":"Vin de Champagne imagin\u00e9 en 1986 pour le bicentenaire de la maison. Reflets gris, l\u00e9ger p\u00e9tillant (sabl\u00e9), absence de dosage (brut nature).","robots":{"index":"index","follow":"follow","max-snippet":"max-snippet:-1","max-image-preview":"max-image-preview:large","max-video-preview":"max-video-preview:-1"},"canonical":"https:\/\/www.champagne-aubry.com\/en\/boutique-en-ligne\/champagne-cuvees-precieuses\/champagne-aubry-sable-rose-millesime-2020\/","og_locale":"en_GB","og_type":"article","og_title":"Le Nombre d'Or - Sabl\u00e9 Ros\u00e9 - 2020 (par 6) - Champagne Aubry - Jouy-l\u00e8s-Reims","og_description":"Vin de Champagne imagin\u00e9 en 1986 pour le bicentenaire de la maison. Reflets gris, l\u00e9ger p\u00e9tillant (sabl\u00e9), absence de dosage (brut nature).","og_url":"https:\/\/www.champagne-aubry.com\/en\/boutique-en-ligne\/champagne-cuvees-precieuses\/champagne-aubry-sable-rose-millesime-2020\/","og_site_name":"Champagne Aubry - Jouy-l\u00e8s-Reims","article_modified_time":"2026-04-12T10:29:52+00:00","og_image":[{"width":1920,"height":2560,"url":"https:\/\/www.champagne-aubry.com\/wp-content\/uploads\/2025\/03\/Bouteille_de_Champagne_Aubry_Le_Nombre_Dor_Sable_Rose-scaled.jpg","type":"image\/jpeg"}],"twitter_card":"summary_large_image","twitter_site":"@champagne_aubry","twitter_misc":{"Estimated reading time":"1 minute"},"schema":{"@context":"https:\/\/schema.org","@graph":[{"@type":"WebPage","@id":"https:\/\/www.champagne-aubry.com\/boutique-en-ligne\/champagne-cuvees-precieuses\/champagne-aubry-sable-rose-millesime-2020\/","url":"https:\/\/www.champagne-aubry.com\/boutique-en-ligne\/champagne-cuvees-precieuses\/champagne-aubry-sable-rose-millesime-2020\/","name":"Le Nombre d'Or - Sabl\u00e9 Ros\u00e9 - 2020 (par 6) - Champagne Aubry - Jouy-l\u00e8s-Reims","isPartOf":{"@id":"https:\/\/www.champagne-aubry.com\/fr\/#website"},"primaryImageOfPage":{"@id":"https:\/\/www.champagne-aubry.com\/boutique-en-ligne\/champagne-cuvees-precieuses\/champagne-aubry-sable-rose-millesime-2020\/#primaryimage"},"image":{"@id":"https:\/\/www.champagne-aubry.com\/boutique-en-ligne\/champagne-cuvees-precieuses\/champagne-aubry-sable-rose-millesime-2020\/#primaryimage"},"thumbnailUrl":"https:\/\/www.champagne-aubry.com\/wp-content\/uploads\/2025\/03\/Bouteille_de_Champagne_Aubry_Le_Nombre_Dor_Sable_Rose-scaled.jpg","datePublished":"2020-11-10T16:20:35+00:00","dateModified":"2026-04-12T10:29:52+00:00","description":"Vin de Champagne imagin\u00e9 en 1986 pour le bicentenaire de la maison. Reflets gris, l\u00e9ger p\u00e9tillant (sabl\u00e9), absence de dosage (brut nature).","breadcrumb":{"@id":"https:\/\/www.champagne-aubry.com\/boutique-en-ligne\/champagne-cuvees-precieuses\/champagne-aubry-sable-rose-millesime-2020\/#breadcrumb"},"inLanguage":"en-GB","potentialAction":[{"@type":"ReadAction","target":["https:\/\/www.champagne-aubry.com\/boutique-en-ligne\/champagne-cuvees-precieuses\/champagne-aubry-sable-rose-millesime-2020\/"]}]},{"@type":"ImageObject","inLanguage":"en-GB","@id":"https:\/\/www.champagne-aubry.com\/boutique-en-ligne\/champagne-cuvees-precieuses\/champagne-aubry-sable-rose-millesime-2020\/#primaryimage","url":"https:\/\/www.champagne-aubry.com\/wp-content\/uploads\/2025\/03\/Bouteille_de_Champagne_Aubry_Le_Nombre_Dor_Sable_Rose-scaled.jpg","contentUrl":"https:\/\/www.champagne-aubry.com\/wp-content\/uploads\/2025\/03\/Bouteille_de_Champagne_Aubry_Le_Nombre_Dor_Sable_Rose-scaled.jpg","width":1920,"height":2560,"caption":"Photo d'une bouteille de champagne Aubry Le Nombre d'Or Sabl\u00e9 Ros\u00e9"},{"@type":"BreadcrumbList","@id":"https:\/\/www.champagne-aubry.com\/boutique-en-ligne\/champagne-cuvees-precieuses\/champagne-aubry-sable-rose-millesime-2020\/#breadcrumb","itemListElement":[{"@type":"ListItem","position":1,"name":"Accueil","item":"https:\/\/www.champagne-aubry.com\/"},{"@type":"ListItem","position":2,"name":"Boutique","item":"https:\/\/www.champagne-aubry.com\/fr\/boutique-en-ligne\/"},{"@type":"ListItem","position":3,"name":"Le Nombre d&rsquo;Or &#8211; Sabl\u00e9 Ros\u00e9 &#8211; 2020 (par 6)"}]},{"@type":"WebSite","@id":"https:\/\/www.champagne-aubry.com\/fr\/#website","url":"https:\/\/www.champagne-aubry.com\/fr\/","name":"Champagne Aubry - Jouy-l\u00e8s-Reims","description":"Le Site de la Maison de Champagne L. Aubry Fils","publisher":{"@id":"https:\/\/www.champagne-aubry.com\/fr\/#organization"},"potentialAction":[{"@type":"SearchAction","target":{"@type":"EntryPoint","urlTemplate":"https:\/\/www.champagne-aubry.com\/fr\/?s={search_term_string}"},"query-input":{"@type":"PropertyValueSpecification","valueRequired":true,"valueName":"search_term_string"}}],"inLanguage":"en-GB"},{"@type":"Organization","@id":"https:\/\/www.champagne-aubry.com\/fr\/#organization","name":"Champagne Aubry","url":"https:\/\/www.champagne-aubry.com\/fr\/","logo":{"@type":"ImageObject","inLanguage":"en-GB","@id":"https:\/\/www.champagne-aubry.com\/fr\/#\/schema\/logo\/image\/","url":"https:\/\/www.champagne-aubry.com\/wp-content\/uploads\/2020\/07\/logo_champagne_aubry_transparent.png","contentUrl":"https:\/\/www.champagne-aubry.com\/wp-content\/uploads\/2020\/07\/logo_champagne_aubry_transparent.png","width":739,"height":231,"caption":"Champagne Aubry"},"image":{"@id":"https:\/\/www.champagne-aubry.com\/fr\/#\/schema\/logo\/image\/"},"sameAs":["https:\/\/x.com\/champagne_aubry","https:\/\/www.instagram.com\/champagne_aubry\/","https:\/\/www.linkedin.com\/company\/champagne-aubry\/"]}]}},"jetpack_sharing_enabled":true,"_links":{"self":[{"href":"https:\/\/www.champagne-aubry.com\/en\/wp-json\/wp\/v2\/product\/12596","targetHints":{"allow":["GET"]}}],"collection":[{"href":"https:\/\/www.champagne-aubry.com\/en\/wp-json\/wp\/v2\/product"}],"about":[{"href":"https:\/\/www.champagne-aubry.com\/en\/wp-json\/wp\/v2\/types\/product"}],"version-history":[{"count":11,"href":"https:\/\/www.champagne-aubry.com\/en\/wp-json\/wp\/v2\/product\/12596\/revisions"}],"predecessor-version":[{"id":14059,"href":"https:\/\/www.champagne-aubry.com\/en\/wp-json\/wp\/v2\/product\/12596\/revisions\/14059"}],"wp:featuredmedia":[{"embeddable":true,"href":"https:\/\/www.champagne-aubry.com\/en\/wp-json\/wp\/v2\/media\/13981"}],"wp:attachment":[{"href":"https:\/\/www.champagne-aubry.com\/en\/wp-json\/wp\/v2\/media?parent=12596"}],"wp:term":[{"taxonomy":"product_brand","embeddable":true,"href":"https:\/\/www.champagne-aubry.com\/en\/wp-json\/wp\/v2\/product_brand?post=12596"},{"taxonomy":"product_cat","embeddable":true,"href":"https:\/\/www.champagne-aubry.com\/en\/wp-json\/wp\/v2\/product_cat?post=12596"},{"taxonomy":"product_tag","embeddable":true,"href":"https:\/\/www.champagne-aubry.com\/en\/wp-json\/wp\/v2\/product_tag?post=12596"}],"curies":[{"name":"wp","href":"https:\/\/api.w.org\/{rel}","templated":true}]}}