{"id":12591,"date":"2020-11-10T17:07:12","date_gmt":"2020-11-10T16:07:12","guid":{"rendered":"https:\/\/www.max-aubry.io\/?post_type=product&#038;p=12591"},"modified":"2026-03-29T18:19:49","modified_gmt":"2026-03-29T16:19:49","slug":"champagne-aubry-rose-brut","status":"publish","type":"product","link":"https:\/\/www.champagne-aubry.com\/en\/boutique-en-ligne\/champagne-cuvees-classiques\/champagne-aubry-rose-brut\/","title":{"rendered":"Champagne Aubry Ros\u00e9 (box of 6)"},"content":{"rendered":"<p>Ros\u00e9 made from a traditional blend of Meunier (10%), Pinot Noir (19%) and Chardonnay (28%), as well as wine made from grapes from the old varieties grown by the House (Arbane, Petit Meslier, Pinot Blanc and Pinot Gris, 8%) harvested in 2022. An additional 2% of red wine comes from a plot of old Pinot Noir vines, \u2018Les Noues\u2019, a partial maceration of de-stemmed grapes. The remaining 33% comes from reserve wines made like a solera.<\/p>\n<p>Tasting notes: Enchanting and refreshing nose of strawberry, raspberry and small red fruits. Vivacious and fragrant on the palate, the wine is enriched with biscuity notes in a light and crisp blend.<\/p>\n<p>Dosage : 4 g\/l<\/p>","protected":false},"excerpt":{"rendered":"<p>1 case of 6 bottles of Champagne Aubry Ros\u00e9 Brut<\/p>\n<p class=\"translation-block\"><strong>Villages<\/strong>: Villedommange, Pargny-l\u00e8s-Reims, Jouy-l\u00e8s-Reims and Coulommes-la-Montagne,\nclassified as Premier Cru<\/p>\n<p><strong>Blend<\/strong>\u00a0: Base <a href=\"https:\/\/www.champagne-aubry.com\/en\/boutique-en-ligne\/champagne-cuvees-classiques\/champagne-aubry-brut\/\">Brut Classique<\/a> and 2% Pinot Noir (red wine). The wine undergoes malolactic fermentation and matures on lattes for a minimum of 18 months.<\/p>\n<p><strong>Dosage<\/strong> 4 g\/l \u2013 Extra brut<\/p>","protected":false},"featured_media":13982,"template":"","meta":[],"product_brand":[],"product_cat":[60],"product_tag":[59,71,68],"class_list":{"0":"post-12591","1":"product","2":"type-product","3":"status-publish","4":"has-post-thumbnail","6":"product_cat-champagne-cuvees-classiques","7":"product_tag-champagne","8":"product_tag-extra-brut","9":"product_tag-rose","11":"first","12":"instock","13":"taxable","14":"shipping-taxable","15":"purchasable","16":"product-type-simple"},"yoast_head":"<!-- This site is optimized with the Yoast SEO plugin v27.3 - https:\/\/yoast.com\/product\/yoast-seo-wordpress\/ -->\n<title>Champagne Aubry Ros\u00e9 (par 6) - Champagne Aubry - Jouy-l\u00e8s-Reims<\/title>\n<meta name=\"description\" content=\"Ros\u00e9 obtenu par l\u2019assemblage de vin blanc issus de tous les c\u00e9pages de la champagne et ajout de 6 % de vin rouge (vieilles vignes de Meunier).\" \/>\n<meta name=\"robots\" content=\"index, follow, max-snippet:-1, max-image-preview:large, max-video-preview:-1\" \/>\n<link rel=\"canonical\" href=\"https:\/\/www.champagne-aubry.com\/en\/boutique-en-ligne\/champagne-cuvees-classiques\/champagne-aubry-rose-brut\/\" \/>\n<meta property=\"og:locale\" content=\"en_GB\" \/>\n<meta property=\"og:type\" content=\"article\" \/>\n<meta property=\"og:title\" content=\"Champagne Aubry Ros\u00e9 (par 6) - Champagne Aubry - Jouy-l\u00e8s-Reims\" \/>\n<meta property=\"og:description\" content=\"Ros\u00e9 obtenu par l\u2019assemblage de vin blanc issus de tous les c\u00e9pages de la champagne et ajout de 6 % de vin rouge (vieilles vignes de Meunier).\" \/>\n<meta property=\"og:url\" content=\"https:\/\/www.champagne-aubry.com\/en\/boutique-en-ligne\/champagne-cuvees-classiques\/champagne-aubry-rose-brut\/\" \/>\n<meta property=\"og:site_name\" content=\"Champagne Aubry - Jouy-l\u00e8s-Reims\" \/>\n<meta property=\"article:modified_time\" content=\"2026-03-29T16:19:49+00:00\" \/>\n<meta property=\"og:image\" content=\"https:\/\/www.champagne-aubry.com\/wp-content\/uploads\/2025\/03\/Bouteille_de_Champagne_Aubry_Rose-scaled.jpg\" \/>\n\t<meta property=\"og:image:width\" content=\"1920\" \/>\n\t<meta property=\"og:image:height\" content=\"2560\" \/>\n\t<meta property=\"og:image:type\" content=\"image\/jpeg\" \/>\n<meta name=\"twitter:card\" content=\"summary_large_image\" \/>\n<meta name=\"twitter:site\" content=\"@champagne_aubry\" \/>\n<meta name=\"twitter:label1\" content=\"Estimated reading time\" \/>\n\t<meta name=\"twitter:data1\" content=\"1 minute\" \/>\n<script type=\"application\/ld+json\" class=\"yoast-schema-graph\">{\"@context\":\"https:\\\/\\\/schema.org\",\"@graph\":[{\"@type\":\"WebPage\",\"@id\":\"https:\\\/\\\/www.champagne-aubry.com\\\/boutique-en-ligne\\\/champagne-cuvees-classiques\\\/champagne-aubry-rose-brut\\\/\",\"url\":\"https:\\\/\\\/www.champagne-aubry.com\\\/boutique-en-ligne\\\/champagne-cuvees-classiques\\\/champagne-aubry-rose-brut\\\/\",\"name\":\"Champagne Aubry Ros\u00e9 (par 6) - Champagne Aubry - Jouy-l\u00e8s-Reims\",\"isPartOf\":{\"@id\":\"https:\\\/\\\/www.champagne-aubry.com\\\/fr\\\/#website\"},\"primaryImageOfPage\":{\"@id\":\"https:\\\/\\\/www.champagne-aubry.com\\\/boutique-en-ligne\\\/champagne-cuvees-classiques\\\/champagne-aubry-rose-brut\\\/#primaryimage\"},\"image\":{\"@id\":\"https:\\\/\\\/www.champagne-aubry.com\\\/boutique-en-ligne\\\/champagne-cuvees-classiques\\\/champagne-aubry-rose-brut\\\/#primaryimage\"},\"thumbnailUrl\":\"https:\\\/\\\/www.champagne-aubry.com\\\/wp-content\\\/uploads\\\/2025\\\/03\\\/Bouteille_de_Champagne_Aubry_Rose-scaled.jpg\",\"datePublished\":\"2020-11-10T16:07:12+00:00\",\"dateModified\":\"2026-03-29T16:19:49+00:00\",\"description\":\"Ros\u00e9 obtenu par l\u2019assemblage de vin blanc issus de tous les c\u00e9pages de la champagne et ajout de 6 % de vin rouge (vieilles vignes de Meunier).\",\"breadcrumb\":{\"@id\":\"https:\\\/\\\/www.champagne-aubry.com\\\/boutique-en-ligne\\\/champagne-cuvees-classiques\\\/champagne-aubry-rose-brut\\\/#breadcrumb\"},\"inLanguage\":\"en-GB\",\"potentialAction\":[{\"@type\":\"ReadAction\",\"target\":[\"https:\\\/\\\/www.champagne-aubry.com\\\/boutique-en-ligne\\\/champagne-cuvees-classiques\\\/champagne-aubry-rose-brut\\\/\"]}]},{\"@type\":\"ImageObject\",\"inLanguage\":\"en-GB\",\"@id\":\"https:\\\/\\\/www.champagne-aubry.com\\\/boutique-en-ligne\\\/champagne-cuvees-classiques\\\/champagne-aubry-rose-brut\\\/#primaryimage\",\"url\":\"https:\\\/\\\/www.champagne-aubry.com\\\/wp-content\\\/uploads\\\/2025\\\/03\\\/Bouteille_de_Champagne_Aubry_Rose-scaled.jpg\",\"contentUrl\":\"https:\\\/\\\/www.champagne-aubry.com\\\/wp-content\\\/uploads\\\/2025\\\/03\\\/Bouteille_de_Champagne_Aubry_Rose-scaled.jpg\",\"width\":1920,\"height\":2560,\"caption\":\"Photo d'une bouteille de champagne Aubry Ros\u00e9\"},{\"@type\":\"BreadcrumbList\",\"@id\":\"https:\\\/\\\/www.champagne-aubry.com\\\/boutique-en-ligne\\\/champagne-cuvees-classiques\\\/champagne-aubry-rose-brut\\\/#breadcrumb\",\"itemListElement\":[{\"@type\":\"ListItem\",\"position\":1,\"name\":\"Accueil\",\"item\":\"https:\\\/\\\/www.champagne-aubry.com\\\/\"},{\"@type\":\"ListItem\",\"position\":2,\"name\":\"Boutique\",\"item\":\"https:\\\/\\\/www.champagne-aubry.com\\\/fr\\\/boutique-en-ligne\\\/\"},{\"@type\":\"ListItem\",\"position\":3,\"name\":\"Champagne Aubry Ros\u00e9 (par 6)\"}]},{\"@type\":\"WebSite\",\"@id\":\"https:\\\/\\\/www.champagne-aubry.com\\\/fr\\\/#website\",\"url\":\"https:\\\/\\\/www.champagne-aubry.com\\\/fr\\\/\",\"name\":\"Champagne Aubry - Jouy-l\u00e8s-Reims\",\"description\":\"Le Site de la Maison de Champagne L. Aubry Fils\",\"publisher\":{\"@id\":\"https:\\\/\\\/www.champagne-aubry.com\\\/fr\\\/#organization\"},\"potentialAction\":[{\"@type\":\"SearchAction\",\"target\":{\"@type\":\"EntryPoint\",\"urlTemplate\":\"https:\\\/\\\/www.champagne-aubry.com\\\/fr\\\/?s={search_term_string}\"},\"query-input\":{\"@type\":\"PropertyValueSpecification\",\"valueRequired\":true,\"valueName\":\"search_term_string\"}}],\"inLanguage\":\"en-GB\"},{\"@type\":\"Organization\",\"@id\":\"https:\\\/\\\/www.champagne-aubry.com\\\/fr\\\/#organization\",\"name\":\"Champagne Aubry\",\"url\":\"https:\\\/\\\/www.champagne-aubry.com\\\/fr\\\/\",\"logo\":{\"@type\":\"ImageObject\",\"inLanguage\":\"en-GB\",\"@id\":\"https:\\\/\\\/www.champagne-aubry.com\\\/fr\\\/#\\\/schema\\\/logo\\\/image\\\/\",\"url\":\"https:\\\/\\\/www.champagne-aubry.com\\\/wp-content\\\/uploads\\\/2020\\\/07\\\/logo_champagne_aubry_transparent.png\",\"contentUrl\":\"https:\\\/\\\/www.champagne-aubry.com\\\/wp-content\\\/uploads\\\/2020\\\/07\\\/logo_champagne_aubry_transparent.png\",\"width\":739,\"height\":231,\"caption\":\"Champagne Aubry\"},\"image\":{\"@id\":\"https:\\\/\\\/www.champagne-aubry.com\\\/fr\\\/#\\\/schema\\\/logo\\\/image\\\/\"},\"sameAs\":[\"https:\\\/\\\/x.com\\\/champagne_aubry\",\"https:\\\/\\\/www.instagram.com\\\/champagne_aubry\\\/\",\"https:\\\/\\\/www.linkedin.com\\\/company\\\/champagne-aubry\\\/\"]}]}<\/script>\n<!-- \/ Yoast SEO plugin. -->","yoast_head_json":{"title":"Champagne Aubry Ros\u00e9 (par 6) - Champagne Aubry - Jouy-l\u00e8s-Reims","description":"Ros\u00e9 obtenu par l\u2019assemblage de vin blanc issus de tous les c\u00e9pages de la champagne et ajout de 6 % de vin rouge (vieilles vignes de Meunier).","robots":{"index":"index","follow":"follow","max-snippet":"max-snippet:-1","max-image-preview":"max-image-preview:large","max-video-preview":"max-video-preview:-1"},"canonical":"https:\/\/www.champagne-aubry.com\/en\/boutique-en-ligne\/champagne-cuvees-classiques\/champagne-aubry-rose-brut\/","og_locale":"en_GB","og_type":"article","og_title":"Champagne Aubry Ros\u00e9 (par 6) - Champagne Aubry - Jouy-l\u00e8s-Reims","og_description":"Ros\u00e9 obtenu par l\u2019assemblage de vin blanc issus de tous les c\u00e9pages de la champagne et ajout de 6 % de vin rouge (vieilles vignes de Meunier).","og_url":"https:\/\/www.champagne-aubry.com\/en\/boutique-en-ligne\/champagne-cuvees-classiques\/champagne-aubry-rose-brut\/","og_site_name":"Champagne Aubry - Jouy-l\u00e8s-Reims","article_modified_time":"2026-03-29T16:19:49+00:00","og_image":[{"width":1920,"height":2560,"url":"https:\/\/www.champagne-aubry.com\/wp-content\/uploads\/2025\/03\/Bouteille_de_Champagne_Aubry_Rose-scaled.jpg","type":"image\/jpeg"}],"twitter_card":"summary_large_image","twitter_site":"@champagne_aubry","twitter_misc":{"Estimated reading time":"1 minute"},"schema":{"@context":"https:\/\/schema.org","@graph":[{"@type":"WebPage","@id":"https:\/\/www.champagne-aubry.com\/boutique-en-ligne\/champagne-cuvees-classiques\/champagne-aubry-rose-brut\/","url":"https:\/\/www.champagne-aubry.com\/boutique-en-ligne\/champagne-cuvees-classiques\/champagne-aubry-rose-brut\/","name":"Champagne Aubry Ros\u00e9 (par 6) - Champagne Aubry - Jouy-l\u00e8s-Reims","isPartOf":{"@id":"https:\/\/www.champagne-aubry.com\/fr\/#website"},"primaryImageOfPage":{"@id":"https:\/\/www.champagne-aubry.com\/boutique-en-ligne\/champagne-cuvees-classiques\/champagne-aubry-rose-brut\/#primaryimage"},"image":{"@id":"https:\/\/www.champagne-aubry.com\/boutique-en-ligne\/champagne-cuvees-classiques\/champagne-aubry-rose-brut\/#primaryimage"},"thumbnailUrl":"https:\/\/www.champagne-aubry.com\/wp-content\/uploads\/2025\/03\/Bouteille_de_Champagne_Aubry_Rose-scaled.jpg","datePublished":"2020-11-10T16:07:12+00:00","dateModified":"2026-03-29T16:19:49+00:00","description":"Ros\u00e9 obtenu par l\u2019assemblage de vin blanc issus de tous les c\u00e9pages de la champagne et ajout de 6 % de vin rouge (vieilles vignes de Meunier).","breadcrumb":{"@id":"https:\/\/www.champagne-aubry.com\/boutique-en-ligne\/champagne-cuvees-classiques\/champagne-aubry-rose-brut\/#breadcrumb"},"inLanguage":"en-GB","potentialAction":[{"@type":"ReadAction","target":["https:\/\/www.champagne-aubry.com\/boutique-en-ligne\/champagne-cuvees-classiques\/champagne-aubry-rose-brut\/"]}]},{"@type":"ImageObject","inLanguage":"en-GB","@id":"https:\/\/www.champagne-aubry.com\/boutique-en-ligne\/champagne-cuvees-classiques\/champagne-aubry-rose-brut\/#primaryimage","url":"https:\/\/www.champagne-aubry.com\/wp-content\/uploads\/2025\/03\/Bouteille_de_Champagne_Aubry_Rose-scaled.jpg","contentUrl":"https:\/\/www.champagne-aubry.com\/wp-content\/uploads\/2025\/03\/Bouteille_de_Champagne_Aubry_Rose-scaled.jpg","width":1920,"height":2560,"caption":"Photo d'une bouteille de champagne Aubry Ros\u00e9"},{"@type":"BreadcrumbList","@id":"https:\/\/www.champagne-aubry.com\/boutique-en-ligne\/champagne-cuvees-classiques\/champagne-aubry-rose-brut\/#breadcrumb","itemListElement":[{"@type":"ListItem","position":1,"name":"Accueil","item":"https:\/\/www.champagne-aubry.com\/"},{"@type":"ListItem","position":2,"name":"Boutique","item":"https:\/\/www.champagne-aubry.com\/fr\/boutique-en-ligne\/"},{"@type":"ListItem","position":3,"name":"Champagne Aubry Ros\u00e9 (par 6)"}]},{"@type":"WebSite","@id":"https:\/\/www.champagne-aubry.com\/fr\/#website","url":"https:\/\/www.champagne-aubry.com\/fr\/","name":"Champagne Aubry - Jouy-l\u00e8s-Reims","description":"Le Site de la Maison de Champagne L. Aubry Fils","publisher":{"@id":"https:\/\/www.champagne-aubry.com\/fr\/#organization"},"potentialAction":[{"@type":"SearchAction","target":{"@type":"EntryPoint","urlTemplate":"https:\/\/www.champagne-aubry.com\/fr\/?s={search_term_string}"},"query-input":{"@type":"PropertyValueSpecification","valueRequired":true,"valueName":"search_term_string"}}],"inLanguage":"en-GB"},{"@type":"Organization","@id":"https:\/\/www.champagne-aubry.com\/fr\/#organization","name":"Champagne Aubry","url":"https:\/\/www.champagne-aubry.com\/fr\/","logo":{"@type":"ImageObject","inLanguage":"en-GB","@id":"https:\/\/www.champagne-aubry.com\/fr\/#\/schema\/logo\/image\/","url":"https:\/\/www.champagne-aubry.com\/wp-content\/uploads\/2020\/07\/logo_champagne_aubry_transparent.png","contentUrl":"https:\/\/www.champagne-aubry.com\/wp-content\/uploads\/2020\/07\/logo_champagne_aubry_transparent.png","width":739,"height":231,"caption":"Champagne Aubry"},"image":{"@id":"https:\/\/www.champagne-aubry.com\/fr\/#\/schema\/logo\/image\/"},"sameAs":["https:\/\/x.com\/champagne_aubry","https:\/\/www.instagram.com\/champagne_aubry\/","https:\/\/www.linkedin.com\/company\/champagne-aubry\/"]}]}},"jetpack_sharing_enabled":true,"_links":{"self":[{"href":"https:\/\/www.champagne-aubry.com\/en\/wp-json\/wp\/v2\/product\/12591","targetHints":{"allow":["GET"]}}],"collection":[{"href":"https:\/\/www.champagne-aubry.com\/en\/wp-json\/wp\/v2\/product"}],"about":[{"href":"https:\/\/www.champagne-aubry.com\/en\/wp-json\/wp\/v2\/types\/product"}],"version-history":[{"count":16,"href":"https:\/\/www.champagne-aubry.com\/en\/wp-json\/wp\/v2\/product\/12591\/revisions"}],"predecessor-version":[{"id":12884,"href":"https:\/\/www.champagne-aubry.com\/en\/wp-json\/wp\/v2\/product\/12591\/revisions\/12884"}],"wp:featuredmedia":[{"embeddable":true,"href":"https:\/\/www.champagne-aubry.com\/en\/wp-json\/wp\/v2\/media\/13982"}],"wp:attachment":[{"href":"https:\/\/www.champagne-aubry.com\/en\/wp-json\/wp\/v2\/media?parent=12591"}],"wp:term":[{"taxonomy":"product_brand","embeddable":true,"href":"https:\/\/www.champagne-aubry.com\/en\/wp-json\/wp\/v2\/product_brand?post=12591"},{"taxonomy":"product_cat","embeddable":true,"href":"https:\/\/www.champagne-aubry.com\/en\/wp-json\/wp\/v2\/product_cat?post=12591"},{"taxonomy":"product_tag","embeddable":true,"href":"https:\/\/www.champagne-aubry.com\/en\/wp-json\/wp\/v2\/product_tag?post=12591"}],"curies":[{"name":"wp","href":"https:\/\/api.w.org\/{rel}","templated":true}]}}