{"id":12567,"date":"2020-11-10T14:35:07","date_gmt":"2020-11-10T13:35:07","guid":{"rendered":"https:\/\/www.max-aubry.io\/?post_type=product&#038;p=12567"},"modified":"2026-03-29T18:19:53","modified_gmt":"2026-03-29T16:19:53","slug":"champagne-aubry-brut-extra-brut","status":"publish","type":"product","link":"https:\/\/www.champagne-aubry.com\/en\/boutique-en-ligne\/champagne-cuvees-classiques\/champagne-aubry-brut-extra-brut\/","title":{"rendered":"Champagne Aubry Brut \/ Extra-Brut (box of 6)"},"content":{"rendered":"<p><strong>Taste notes<\/strong> : The wine is lightly dosed, expressing all the natural freshness of the grapes. The nose offers fruity notes of white peach and raspberry. On the palate, the roundness and aromas of the Meunier grape coat a structure that remains firm and invigorating. Long and square, this is a wine with a strong personality.<\/p>\n<p>&nbsp;<\/p>","protected":false},"excerpt":{"rendered":"<p>1 case of 6 bottles of Aubry Brut or Extra-Brut Champagne.<\/p>\n<p class=\"translation-block\"><strong>Villages<\/strong>: Villedommange, Pargny-l\u00e8s-Reims, Jouy-l\u00e8s-Reims and Coulommes-la-Montagne,\nclassified as Premier Cru<\/p>\n<p><strong>Blend<\/strong> : Champagne obtenu par l\u2019assemblage traditionnel de Chardonnay (31%), de Pinot Noir (22%) de Meunier (11%) issus de la r\u00e9colte 2023, mais aussi de vin provenant de la vinification des raisins issus des c\u00e9pages anciens cultiv\u00e9s par la Maison (Arbane, Petit Meslier, Pinot Blanc et Pinot Gris, \u00e0 hauteur de 12%) eux aussi r\u00e9colt\u00e9s en 2023. Les 24 % restants proviennent de vins de r\u00e9serve construits comme une solera. Fermentation malolactique effectu\u00e9e, \u00e9levage sur lattes 18 mois minimum.<\/p>\n<p><strong>Dosage<\/strong> :<\/p>\n<ul>\n<li>6 g\/l &#8211; Brut<\/li>\n<li>4 g\/l &#8211; Extra-Brut<\/li>\n<\/ul>","protected":false},"featured_media":13976,"template":"","meta":[],"product_brand":[],"product_cat":[60],"product_tag":[66,59],"class_list":{"0":"post-12567","1":"product","2":"type-product","3":"status-publish","4":"has-post-thumbnail","6":"product_cat-champagne-cuvees-classiques","7":"product_tag-brut","8":"product_tag-champagne","10":"first","11":"instock","12":"taxable","13":"shipping-taxable","14":"purchasable","15":"product-type-variable","16":"has-default-attributes"},"yoast_head":"<!-- This site is optimized with the Yoast SEO plugin v27.3 - https:\/\/yoast.com\/product\/yoast-seo-wordpress\/ -->\n<title>Champagne Aubry Brut \/ Extra-Brut (par 6) - Champagne Aubry - Jouy-l\u00e8s-Reims<\/title>\n<meta name=\"description\" content=\"Champagne obtenu par l\u2019assemblage traditionnel de Meunier, Pinot noir et Chardonnay, mais aussi de c\u00e9pages anciens de la Champagne.\" \/>\n<meta name=\"robots\" content=\"index, follow, max-snippet:-1, max-image-preview:large, max-video-preview:-1\" \/>\n<link rel=\"canonical\" href=\"https:\/\/www.champagne-aubry.com\/en\/boutique-en-ligne\/champagne-cuvees-classiques\/champagne-aubry-brut-extra-brut\/\" \/>\n<meta property=\"og:locale\" content=\"en_GB\" \/>\n<meta property=\"og:type\" content=\"article\" \/>\n<meta property=\"og:title\" content=\"Champagne Aubry Brut \/ Extra-Brut (par 6) - Champagne Aubry - Jouy-l\u00e8s-Reims\" \/>\n<meta property=\"og:description\" content=\"Champagne obtenu par l\u2019assemblage traditionnel de Meunier, Pinot noir et Chardonnay, mais aussi de c\u00e9pages anciens de la Champagne.\" \/>\n<meta property=\"og:url\" content=\"https:\/\/www.champagne-aubry.com\/en\/boutique-en-ligne\/champagne-cuvees-classiques\/champagne-aubry-brut-extra-brut\/\" \/>\n<meta property=\"og:site_name\" content=\"Champagne Aubry - Jouy-l\u00e8s-Reims\" \/>\n<meta property=\"article:modified_time\" content=\"2026-03-29T16:19:53+00:00\" \/>\n<meta property=\"og:image\" content=\"https:\/\/www.champagne-aubry.com\/wp-content\/uploads\/2025\/03\/Bouteille_de_Champagne_Aubry_Brut-scaled.jpg\" \/>\n\t<meta property=\"og:image:width\" content=\"1920\" \/>\n\t<meta property=\"og:image:height\" content=\"2560\" \/>\n\t<meta property=\"og:image:type\" content=\"image\/jpeg\" \/>\n<meta name=\"twitter:card\" content=\"summary_large_image\" \/>\n<meta name=\"twitter:site\" content=\"@champagne_aubry\" \/>\n<meta name=\"twitter:label1\" content=\"Estimated reading time\" \/>\n\t<meta name=\"twitter:data1\" content=\"1 minute\" \/>\n<script type=\"application\/ld+json\" class=\"yoast-schema-graph\">{\"@context\":\"https:\\\/\\\/schema.org\",\"@graph\":[{\"@type\":\"WebPage\",\"@id\":\"https:\\\/\\\/www.champagne-aubry.com\\\/boutique-en-ligne\\\/champagne-cuvees-classiques\\\/champagne-aubry-brut-extra-brut\\\/\",\"url\":\"https:\\\/\\\/www.champagne-aubry.com\\\/boutique-en-ligne\\\/champagne-cuvees-classiques\\\/champagne-aubry-brut-extra-brut\\\/\",\"name\":\"Champagne Aubry Brut \\\/ Extra-Brut (par 6) - Champagne Aubry - Jouy-l\u00e8s-Reims\",\"isPartOf\":{\"@id\":\"https:\\\/\\\/www.champagne-aubry.com\\\/fr\\\/#website\"},\"primaryImageOfPage\":{\"@id\":\"https:\\\/\\\/www.champagne-aubry.com\\\/boutique-en-ligne\\\/champagne-cuvees-classiques\\\/champagne-aubry-brut-extra-brut\\\/#primaryimage\"},\"image\":{\"@id\":\"https:\\\/\\\/www.champagne-aubry.com\\\/boutique-en-ligne\\\/champagne-cuvees-classiques\\\/champagne-aubry-brut-extra-brut\\\/#primaryimage\"},\"thumbnailUrl\":\"https:\\\/\\\/www.champagne-aubry.com\\\/wp-content\\\/uploads\\\/2025\\\/03\\\/Bouteille_de_Champagne_Aubry_Brut-scaled.jpg\",\"datePublished\":\"2020-11-10T13:35:07+00:00\",\"dateModified\":\"2026-03-29T16:19:53+00:00\",\"description\":\"Champagne obtenu par l\u2019assemblage traditionnel de Meunier, Pinot noir et Chardonnay, mais aussi de c\u00e9pages anciens de la Champagne.\",\"breadcrumb\":{\"@id\":\"https:\\\/\\\/www.champagne-aubry.com\\\/boutique-en-ligne\\\/champagne-cuvees-classiques\\\/champagne-aubry-brut-extra-brut\\\/#breadcrumb\"},\"inLanguage\":\"en-GB\",\"potentialAction\":[{\"@type\":\"ReadAction\",\"target\":[\"https:\\\/\\\/www.champagne-aubry.com\\\/boutique-en-ligne\\\/champagne-cuvees-classiques\\\/champagne-aubry-brut-extra-brut\\\/\"]}]},{\"@type\":\"ImageObject\",\"inLanguage\":\"en-GB\",\"@id\":\"https:\\\/\\\/www.champagne-aubry.com\\\/boutique-en-ligne\\\/champagne-cuvees-classiques\\\/champagne-aubry-brut-extra-brut\\\/#primaryimage\",\"url\":\"https:\\\/\\\/www.champagne-aubry.com\\\/wp-content\\\/uploads\\\/2025\\\/03\\\/Bouteille_de_Champagne_Aubry_Brut-scaled.jpg\",\"contentUrl\":\"https:\\\/\\\/www.champagne-aubry.com\\\/wp-content\\\/uploads\\\/2025\\\/03\\\/Bouteille_de_Champagne_Aubry_Brut-scaled.jpg\",\"width\":1920,\"height\":2560,\"caption\":\"Photo d'une bouteille de champagne Aubry Brut\"},{\"@type\":\"BreadcrumbList\",\"@id\":\"https:\\\/\\\/www.champagne-aubry.com\\\/boutique-en-ligne\\\/champagne-cuvees-classiques\\\/champagne-aubry-brut-extra-brut\\\/#breadcrumb\",\"itemListElement\":[{\"@type\":\"ListItem\",\"position\":1,\"name\":\"Accueil\",\"item\":\"https:\\\/\\\/www.champagne-aubry.com\\\/\"},{\"@type\":\"ListItem\",\"position\":2,\"name\":\"Boutique\",\"item\":\"https:\\\/\\\/www.champagne-aubry.com\\\/fr\\\/boutique-en-ligne\\\/\"},{\"@type\":\"ListItem\",\"position\":3,\"name\":\"Champagne Aubry Brut \\\/ Extra-Brut (par 6)\"}]},{\"@type\":\"WebSite\",\"@id\":\"https:\\\/\\\/www.champagne-aubry.com\\\/fr\\\/#website\",\"url\":\"https:\\\/\\\/www.champagne-aubry.com\\\/fr\\\/\",\"name\":\"Champagne Aubry - Jouy-l\u00e8s-Reims\",\"description\":\"Le Site de la Maison de Champagne L. Aubry Fils\",\"publisher\":{\"@id\":\"https:\\\/\\\/www.champagne-aubry.com\\\/fr\\\/#organization\"},\"potentialAction\":[{\"@type\":\"SearchAction\",\"target\":{\"@type\":\"EntryPoint\",\"urlTemplate\":\"https:\\\/\\\/www.champagne-aubry.com\\\/fr\\\/?s={search_term_string}\"},\"query-input\":{\"@type\":\"PropertyValueSpecification\",\"valueRequired\":true,\"valueName\":\"search_term_string\"}}],\"inLanguage\":\"en-GB\"},{\"@type\":\"Organization\",\"@id\":\"https:\\\/\\\/www.champagne-aubry.com\\\/fr\\\/#organization\",\"name\":\"Champagne Aubry\",\"url\":\"https:\\\/\\\/www.champagne-aubry.com\\\/fr\\\/\",\"logo\":{\"@type\":\"ImageObject\",\"inLanguage\":\"en-GB\",\"@id\":\"https:\\\/\\\/www.champagne-aubry.com\\\/fr\\\/#\\\/schema\\\/logo\\\/image\\\/\",\"url\":\"https:\\\/\\\/www.champagne-aubry.com\\\/wp-content\\\/uploads\\\/2020\\\/07\\\/logo_champagne_aubry_transparent.png\",\"contentUrl\":\"https:\\\/\\\/www.champagne-aubry.com\\\/wp-content\\\/uploads\\\/2020\\\/07\\\/logo_champagne_aubry_transparent.png\",\"width\":739,\"height\":231,\"caption\":\"Champagne Aubry\"},\"image\":{\"@id\":\"https:\\\/\\\/www.champagne-aubry.com\\\/fr\\\/#\\\/schema\\\/logo\\\/image\\\/\"},\"sameAs\":[\"https:\\\/\\\/x.com\\\/champagne_aubry\",\"https:\\\/\\\/www.instagram.com\\\/champagne_aubry\\\/\",\"https:\\\/\\\/www.linkedin.com\\\/company\\\/champagne-aubry\\\/\"]}]}<\/script>\n<!-- \/ Yoast SEO plugin. -->","yoast_head_json":{"title":"Champagne Aubry Brut \/ Extra-Brut (par 6) - Champagne Aubry - Jouy-l\u00e8s-Reims","description":"Champagne obtenu par l\u2019assemblage traditionnel de Meunier, Pinot noir et Chardonnay, mais aussi de c\u00e9pages anciens de la Champagne.","robots":{"index":"index","follow":"follow","max-snippet":"max-snippet:-1","max-image-preview":"max-image-preview:large","max-video-preview":"max-video-preview:-1"},"canonical":"https:\/\/www.champagne-aubry.com\/en\/boutique-en-ligne\/champagne-cuvees-classiques\/champagne-aubry-brut-extra-brut\/","og_locale":"en_GB","og_type":"article","og_title":"Champagne Aubry Brut \/ Extra-Brut (par 6) - Champagne Aubry - Jouy-l\u00e8s-Reims","og_description":"Champagne obtenu par l\u2019assemblage traditionnel de Meunier, Pinot noir et Chardonnay, mais aussi de c\u00e9pages anciens de la Champagne.","og_url":"https:\/\/www.champagne-aubry.com\/en\/boutique-en-ligne\/champagne-cuvees-classiques\/champagne-aubry-brut-extra-brut\/","og_site_name":"Champagne Aubry - Jouy-l\u00e8s-Reims","article_modified_time":"2026-03-29T16:19:53+00:00","og_image":[{"width":1920,"height":2560,"url":"https:\/\/www.champagne-aubry.com\/wp-content\/uploads\/2025\/03\/Bouteille_de_Champagne_Aubry_Brut-scaled.jpg","type":"image\/jpeg"}],"twitter_card":"summary_large_image","twitter_site":"@champagne_aubry","twitter_misc":{"Estimated reading time":"1 minute"},"schema":{"@context":"https:\/\/schema.org","@graph":[{"@type":"WebPage","@id":"https:\/\/www.champagne-aubry.com\/boutique-en-ligne\/champagne-cuvees-classiques\/champagne-aubry-brut-extra-brut\/","url":"https:\/\/www.champagne-aubry.com\/boutique-en-ligne\/champagne-cuvees-classiques\/champagne-aubry-brut-extra-brut\/","name":"Champagne Aubry Brut \/ Extra-Brut (par 6) - Champagne Aubry - Jouy-l\u00e8s-Reims","isPartOf":{"@id":"https:\/\/www.champagne-aubry.com\/fr\/#website"},"primaryImageOfPage":{"@id":"https:\/\/www.champagne-aubry.com\/boutique-en-ligne\/champagne-cuvees-classiques\/champagne-aubry-brut-extra-brut\/#primaryimage"},"image":{"@id":"https:\/\/www.champagne-aubry.com\/boutique-en-ligne\/champagne-cuvees-classiques\/champagne-aubry-brut-extra-brut\/#primaryimage"},"thumbnailUrl":"https:\/\/www.champagne-aubry.com\/wp-content\/uploads\/2025\/03\/Bouteille_de_Champagne_Aubry_Brut-scaled.jpg","datePublished":"2020-11-10T13:35:07+00:00","dateModified":"2026-03-29T16:19:53+00:00","description":"Champagne obtenu par l\u2019assemblage traditionnel de Meunier, Pinot noir et Chardonnay, mais aussi de c\u00e9pages anciens de la Champagne.","breadcrumb":{"@id":"https:\/\/www.champagne-aubry.com\/boutique-en-ligne\/champagne-cuvees-classiques\/champagne-aubry-brut-extra-brut\/#breadcrumb"},"inLanguage":"en-GB","potentialAction":[{"@type":"ReadAction","target":["https:\/\/www.champagne-aubry.com\/boutique-en-ligne\/champagne-cuvees-classiques\/champagne-aubry-brut-extra-brut\/"]}]},{"@type":"ImageObject","inLanguage":"en-GB","@id":"https:\/\/www.champagne-aubry.com\/boutique-en-ligne\/champagne-cuvees-classiques\/champagne-aubry-brut-extra-brut\/#primaryimage","url":"https:\/\/www.champagne-aubry.com\/wp-content\/uploads\/2025\/03\/Bouteille_de_Champagne_Aubry_Brut-scaled.jpg","contentUrl":"https:\/\/www.champagne-aubry.com\/wp-content\/uploads\/2025\/03\/Bouteille_de_Champagne_Aubry_Brut-scaled.jpg","width":1920,"height":2560,"caption":"Photo d'une bouteille de champagne Aubry Brut"},{"@type":"BreadcrumbList","@id":"https:\/\/www.champagne-aubry.com\/boutique-en-ligne\/champagne-cuvees-classiques\/champagne-aubry-brut-extra-brut\/#breadcrumb","itemListElement":[{"@type":"ListItem","position":1,"name":"Accueil","item":"https:\/\/www.champagne-aubry.com\/"},{"@type":"ListItem","position":2,"name":"Boutique","item":"https:\/\/www.champagne-aubry.com\/fr\/boutique-en-ligne\/"},{"@type":"ListItem","position":3,"name":"Champagne Aubry Brut \/ Extra-Brut (par 6)"}]},{"@type":"WebSite","@id":"https:\/\/www.champagne-aubry.com\/fr\/#website","url":"https:\/\/www.champagne-aubry.com\/fr\/","name":"Champagne Aubry - Jouy-l\u00e8s-Reims","description":"Le Site de la Maison de Champagne L. Aubry Fils","publisher":{"@id":"https:\/\/www.champagne-aubry.com\/fr\/#organization"},"potentialAction":[{"@type":"SearchAction","target":{"@type":"EntryPoint","urlTemplate":"https:\/\/www.champagne-aubry.com\/fr\/?s={search_term_string}"},"query-input":{"@type":"PropertyValueSpecification","valueRequired":true,"valueName":"search_term_string"}}],"inLanguage":"en-GB"},{"@type":"Organization","@id":"https:\/\/www.champagne-aubry.com\/fr\/#organization","name":"Champagne Aubry","url":"https:\/\/www.champagne-aubry.com\/fr\/","logo":{"@type":"ImageObject","inLanguage":"en-GB","@id":"https:\/\/www.champagne-aubry.com\/fr\/#\/schema\/logo\/image\/","url":"https:\/\/www.champagne-aubry.com\/wp-content\/uploads\/2020\/07\/logo_champagne_aubry_transparent.png","contentUrl":"https:\/\/www.champagne-aubry.com\/wp-content\/uploads\/2020\/07\/logo_champagne_aubry_transparent.png","width":739,"height":231,"caption":"Champagne Aubry"},"image":{"@id":"https:\/\/www.champagne-aubry.com\/fr\/#\/schema\/logo\/image\/"},"sameAs":["https:\/\/x.com\/champagne_aubry","https:\/\/www.instagram.com\/champagne_aubry\/","https:\/\/www.linkedin.com\/company\/champagne-aubry\/"]}]}},"jetpack_sharing_enabled":true,"_links":{"self":[{"href":"https:\/\/www.champagne-aubry.com\/en\/wp-json\/wp\/v2\/product\/12567","targetHints":{"allow":["GET"]}}],"collection":[{"href":"https:\/\/www.champagne-aubry.com\/en\/wp-json\/wp\/v2\/product"}],"about":[{"href":"https:\/\/www.champagne-aubry.com\/en\/wp-json\/wp\/v2\/types\/product"}],"version-history":[{"count":35,"href":"https:\/\/www.champagne-aubry.com\/en\/wp-json\/wp\/v2\/product\/12567\/revisions"}],"predecessor-version":[{"id":14211,"href":"https:\/\/www.champagne-aubry.com\/en\/wp-json\/wp\/v2\/product\/12567\/revisions\/14211"}],"wp:featuredmedia":[{"embeddable":true,"href":"https:\/\/www.champagne-aubry.com\/en\/wp-json\/wp\/v2\/media\/13976"}],"wp:attachment":[{"href":"https:\/\/www.champagne-aubry.com\/en\/wp-json\/wp\/v2\/media?parent=12567"}],"wp:term":[{"taxonomy":"product_brand","embeddable":true,"href":"https:\/\/www.champagne-aubry.com\/en\/wp-json\/wp\/v2\/product_brand?post=12567"},{"taxonomy":"product_cat","embeddable":true,"href":"https:\/\/www.champagne-aubry.com\/en\/wp-json\/wp\/v2\/product_cat?post=12567"},{"taxonomy":"product_tag","embeddable":true,"href":"https:\/\/www.champagne-aubry.com\/en\/wp-json\/wp\/v2\/product_tag?post=12567"}],"curies":[{"name":"wp","href":"https:\/\/api.w.org\/{rel}","templated":true}]}}