{"id":12506,"date":"2020-11-02T16:40:00","date_gmt":"2020-11-02T15:40:00","guid":{"rendered":"https:\/\/www.max-aubry.io\/?post_type=product&#038;p=12506"},"modified":"2025-11-09T14:19:08","modified_gmt":"2025-11-09T13:19:08","slug":"champagne-aubry-le-nombre-dor-millesime-2020","status":"publish","type":"product","link":"https:\/\/www.champagne-aubry.com\/en\/boutique-en-ligne\/champagnes-cepages-ancien\/champagne-aubry-le-nombre-dor-millesime-2020\/","title":{"rendered":"Le Nombre d\u2019Or \u2013 Brut \u2013 2020 (box of 6)"},"content":{"rendered":"<p>Assemblage de tous les c\u00e9pages historiques de la Champagne : le Pinot gris (parfois appel\u00e9 Fromenteau ou Enfum\u00e9 en Champagne), l\u2019Arbane, le Petit Meslier, le Pinot blanc, vignes oubli\u00e9es et ignor\u00e9es associ\u00e9es au Pinot noir, au Meunier et au Chardonnay. Issu de ce conservatoire exceptionnel ce vin de Champagne d\u2019avant garde fait revivre un produit du \u00ab si\u00e8cle des lumi\u00e8res \u00bb, un champagne \u00e0 sept voix dont la tonalit\u00e9 unique \u00e9voque ce que fut ce vin \u00e0 ses d\u00e9buts. Il est une authentique et vivante expression de la diversit\u00e9, puis\u00e9e dans un large \u00e9ventail de c\u00e9pages aujourd\u2019hui oubli\u00e9s.<\/p>\n<p>Tasting notes: The complex nose happily blurs our landmarks, fresh plum, brioche, flowers, lime and spices. Rich and ripe with a blunt power at the start, the palate then refines and stretches in length around to a pleasant freshness. A fleshy and square base, a refined and light top, a wine built like a pyramid.<\/p>","protected":false},"excerpt":{"rendered":"<p>1 case of 6 bottles of Champagne Le Nombre d'Or Mill\u00e9sime 2020 \u00ab\u00a0<em>Campaniae Veteres Vites\u00a0\u00bb<\/em><\/p>\n<p><strong>Origine<\/strong> : Pargny-l\u00e8s-Reims, Jouy-l\u00e8s-Reims et Coulommes-la-Montagne, class\u00e9s premier cru<\/p>\n<p><strong>Blend<\/strong> : 10% Meunier, 10 % Pinot Gris, 10 % Pinot Blanc, 10 % Pinot Noir, 20 % Arbane, 20 % Petit Meslier, 20 % Chardonnay. Fermentation malolactique recherch\u00e9e, \u00e9levage sur lattes 48 mois minimum.<\/p>\n<p><strong>Tirage<\/strong> : mars 2022, 3813 bouteilles.<\/p>\n<p><strong>Dosage<\/strong>\u00a0 6 g\/l &#8211; Brut<\/p>\n<p><strong>Vintage 2020<\/strong><\/p>","protected":false},"featured_media":13979,"template":"","meta":[],"product_brand":[],"product_cat":[62],"product_tag":[80,59,65,57],"class_list":{"0":"post-12506","1":"product","2":"type-product","3":"status-publish","4":"has-post-thumbnail","6":"product_cat-champagnes-cepages-ancien","7":"product_tag-80","8":"product_tag-champagne","9":"product_tag-le-nombre-dor","10":"product_tag-millesime","12":"first","13":"instock","14":"sold-individually","15":"taxable","16":"shipping-taxable","17":"purchasable","18":"product-type-simple"},"yoast_head":"<!-- This site is optimized with the Yoast SEO plugin v27.3 - https:\/\/yoast.com\/product\/yoast-seo-wordpress\/ -->\n<title>Le Nombre d&#039;Or - Brut - 2020 (par 6) - Champagne Aubry - Jouy-l\u00e8s-Reims<\/title>\n<meta name=\"robots\" content=\"index, follow, max-snippet:-1, max-image-preview:large, max-video-preview:-1\" \/>\n<link rel=\"canonical\" href=\"https:\/\/www.champagne-aubry.com\/en\/boutique-en-ligne\/champagnes-cepages-ancien\/champagne-aubry-le-nombre-dor-millesime-2020\/\" \/>\n<meta property=\"og:locale\" content=\"en_GB\" \/>\n<meta property=\"og:type\" content=\"article\" \/>\n<meta property=\"og:title\" content=\"Le Nombre d&#039;Or - Brut - 2020 (par 6) - Champagne Aubry - Jouy-l\u00e8s-Reims\" \/>\n<meta property=\"og:description\" content=\"Carton de 6 bouteilles de Champagne Le Nombre d&#039;Or Mill\u00e9sime 2020 &quot;Campaniae Veteres Vites&quot;  Origine : Pargny-l\u00e8s-Reims, Jouy-l\u00e8s-Reims et Coulommes-la-Montagne, class\u00e9s premier cru  Assemblage : 10% Meunier, 10 % Pinot Gris, 10 % Pinot Blanc, 10 % Pinot Noir, 20 % Arbane, 20 % Petit Meslier, 20 % Chardonnay. Fermentation malolactique recherch\u00e9e, \u00e9levage sur lattes 48 mois minimum.  Tirage : mars 2022, 3813 bouteilles.  Dosage\u00a0 6 g\/l - Brut  Mill\u00e9sime 2020\" \/>\n<meta property=\"og:url\" content=\"https:\/\/www.champagne-aubry.com\/en\/boutique-en-ligne\/champagnes-cepages-ancien\/champagne-aubry-le-nombre-dor-millesime-2020\/\" \/>\n<meta property=\"og:site_name\" content=\"Champagne Aubry - Jouy-l\u00e8s-Reims\" \/>\n<meta property=\"article:modified_time\" content=\"2025-11-09T13:19:08+00:00\" \/>\n<meta property=\"og:image\" content=\"https:\/\/www.champagne-aubry.com\/wp-content\/uploads\/2025\/03\/Bouteille_de_Champagne_Aubry_le_Nombre_dor_Campaniae_Veteres_Vites-scaled.jpg\" \/>\n\t<meta property=\"og:image:width\" content=\"1920\" \/>\n\t<meta property=\"og:image:height\" content=\"2560\" \/>\n\t<meta property=\"og:image:type\" content=\"image\/jpeg\" \/>\n<meta name=\"twitter:card\" content=\"summary_large_image\" \/>\n<meta name=\"twitter:site\" content=\"@champagne_aubry\" \/>\n<meta name=\"twitter:label1\" content=\"Estimated reading time\" \/>\n\t<meta name=\"twitter:data1\" content=\"1 minute\" \/>\n<script type=\"application\/ld+json\" class=\"yoast-schema-graph\">{\"@context\":\"https:\\\/\\\/schema.org\",\"@graph\":[{\"@type\":\"WebPage\",\"@id\":\"https:\\\/\\\/www.champagne-aubry.com\\\/boutique-en-ligne\\\/champagnes-cepages-ancien\\\/champagne-aubry-le-nombre-dor-millesime-2020\\\/\",\"url\":\"https:\\\/\\\/www.champagne-aubry.com\\\/boutique-en-ligne\\\/champagnes-cepages-ancien\\\/champagne-aubry-le-nombre-dor-millesime-2020\\\/\",\"name\":\"Le Nombre d'Or - Brut - 2020 (par 6) - Champagne Aubry - Jouy-l\u00e8s-Reims\",\"isPartOf\":{\"@id\":\"https:\\\/\\\/www.champagne-aubry.com\\\/fr\\\/#website\"},\"primaryImageOfPage\":{\"@id\":\"https:\\\/\\\/www.champagne-aubry.com\\\/boutique-en-ligne\\\/champagnes-cepages-ancien\\\/champagne-aubry-le-nombre-dor-millesime-2020\\\/#primaryimage\"},\"image\":{\"@id\":\"https:\\\/\\\/www.champagne-aubry.com\\\/boutique-en-ligne\\\/champagnes-cepages-ancien\\\/champagne-aubry-le-nombre-dor-millesime-2020\\\/#primaryimage\"},\"thumbnailUrl\":\"https:\\\/\\\/www.champagne-aubry.com\\\/wp-content\\\/uploads\\\/2025\\\/03\\\/Bouteille_de_Champagne_Aubry_le_Nombre_dor_Campaniae_Veteres_Vites-scaled.jpg\",\"datePublished\":\"2020-11-02T15:40:00+00:00\",\"dateModified\":\"2025-11-09T13:19:08+00:00\",\"breadcrumb\":{\"@id\":\"https:\\\/\\\/www.champagne-aubry.com\\\/boutique-en-ligne\\\/champagnes-cepages-ancien\\\/champagne-aubry-le-nombre-dor-millesime-2020\\\/#breadcrumb\"},\"inLanguage\":\"en-GB\",\"potentialAction\":[{\"@type\":\"ReadAction\",\"target\":[\"https:\\\/\\\/www.champagne-aubry.com\\\/boutique-en-ligne\\\/champagnes-cepages-ancien\\\/champagne-aubry-le-nombre-dor-millesime-2020\\\/\"]}]},{\"@type\":\"ImageObject\",\"inLanguage\":\"en-GB\",\"@id\":\"https:\\\/\\\/www.champagne-aubry.com\\\/boutique-en-ligne\\\/champagnes-cepages-ancien\\\/champagne-aubry-le-nombre-dor-millesime-2020\\\/#primaryimage\",\"url\":\"https:\\\/\\\/www.champagne-aubry.com\\\/wp-content\\\/uploads\\\/2025\\\/03\\\/Bouteille_de_Champagne_Aubry_le_Nombre_dor_Campaniae_Veteres_Vites-scaled.jpg\",\"contentUrl\":\"https:\\\/\\\/www.champagne-aubry.com\\\/wp-content\\\/uploads\\\/2025\\\/03\\\/Bouteille_de_Champagne_Aubry_le_Nombre_dor_Campaniae_Veteres_Vites-scaled.jpg\",\"width\":1920,\"height\":2560,\"caption\":\"Photo d'une bouteille de champagne Aubry Le Nombre d'Or Brut\"},{\"@type\":\"BreadcrumbList\",\"@id\":\"https:\\\/\\\/www.champagne-aubry.com\\\/boutique-en-ligne\\\/champagnes-cepages-ancien\\\/champagne-aubry-le-nombre-dor-millesime-2020\\\/#breadcrumb\",\"itemListElement\":[{\"@type\":\"ListItem\",\"position\":1,\"name\":\"Accueil\",\"item\":\"https:\\\/\\\/www.champagne-aubry.com\\\/\"},{\"@type\":\"ListItem\",\"position\":2,\"name\":\"Boutique\",\"item\":\"https:\\\/\\\/www.champagne-aubry.com\\\/fr\\\/boutique-en-ligne\\\/\"},{\"@type\":\"ListItem\",\"position\":3,\"name\":\"Le Nombre d&rsquo;Or &#8211; Brut &#8211; 2020 (par 6)\"}]},{\"@type\":\"WebSite\",\"@id\":\"https:\\\/\\\/www.champagne-aubry.com\\\/fr\\\/#website\",\"url\":\"https:\\\/\\\/www.champagne-aubry.com\\\/fr\\\/\",\"name\":\"Champagne Aubry - Jouy-l\u00e8s-Reims\",\"description\":\"Le Site de la Maison de Champagne L. Aubry Fils\",\"publisher\":{\"@id\":\"https:\\\/\\\/www.champagne-aubry.com\\\/fr\\\/#organization\"},\"potentialAction\":[{\"@type\":\"SearchAction\",\"target\":{\"@type\":\"EntryPoint\",\"urlTemplate\":\"https:\\\/\\\/www.champagne-aubry.com\\\/fr\\\/?s={search_term_string}\"},\"query-input\":{\"@type\":\"PropertyValueSpecification\",\"valueRequired\":true,\"valueName\":\"search_term_string\"}}],\"inLanguage\":\"en-GB\"},{\"@type\":\"Organization\",\"@id\":\"https:\\\/\\\/www.champagne-aubry.com\\\/fr\\\/#organization\",\"name\":\"Champagne Aubry\",\"url\":\"https:\\\/\\\/www.champagne-aubry.com\\\/fr\\\/\",\"logo\":{\"@type\":\"ImageObject\",\"inLanguage\":\"en-GB\",\"@id\":\"https:\\\/\\\/www.champagne-aubry.com\\\/fr\\\/#\\\/schema\\\/logo\\\/image\\\/\",\"url\":\"https:\\\/\\\/www.champagne-aubry.com\\\/wp-content\\\/uploads\\\/2020\\\/07\\\/logo_champagne_aubry_transparent.png\",\"contentUrl\":\"https:\\\/\\\/www.champagne-aubry.com\\\/wp-content\\\/uploads\\\/2020\\\/07\\\/logo_champagne_aubry_transparent.png\",\"width\":739,\"height\":231,\"caption\":\"Champagne Aubry\"},\"image\":{\"@id\":\"https:\\\/\\\/www.champagne-aubry.com\\\/fr\\\/#\\\/schema\\\/logo\\\/image\\\/\"},\"sameAs\":[\"https:\\\/\\\/x.com\\\/champagne_aubry\",\"https:\\\/\\\/www.instagram.com\\\/champagne_aubry\\\/\",\"https:\\\/\\\/www.linkedin.com\\\/company\\\/champagne-aubry\\\/\"]}]}<\/script>\n<!-- \/ Yoast SEO plugin. -->","yoast_head_json":{"title":"Le Nombre d'Or - Brut - 2020 (par 6) - Champagne Aubry - Jouy-l\u00e8s-Reims","robots":{"index":"index","follow":"follow","max-snippet":"max-snippet:-1","max-image-preview":"max-image-preview:large","max-video-preview":"max-video-preview:-1"},"canonical":"https:\/\/www.champagne-aubry.com\/en\/boutique-en-ligne\/champagnes-cepages-ancien\/champagne-aubry-le-nombre-dor-millesime-2020\/","og_locale":"en_GB","og_type":"article","og_title":"Le Nombre d'Or - Brut - 2020 (par 6) - Champagne Aubry - Jouy-l\u00e8s-Reims","og_description":"Carton de 6 bouteilles de Champagne Le Nombre d'Or Mill\u00e9sime 2020 \"Campaniae Veteres Vites\"  Origine : Pargny-l\u00e8s-Reims, Jouy-l\u00e8s-Reims et Coulommes-la-Montagne, class\u00e9s premier cru  Assemblage : 10% Meunier, 10 % Pinot Gris, 10 % Pinot Blanc, 10 % Pinot Noir, 20 % Arbane, 20 % Petit Meslier, 20 % Chardonnay. Fermentation malolactique recherch\u00e9e, \u00e9levage sur lattes 48 mois minimum.  Tirage : mars 2022, 3813 bouteilles.  Dosage\u00a0 6 g\/l - Brut  Mill\u00e9sime 2020","og_url":"https:\/\/www.champagne-aubry.com\/en\/boutique-en-ligne\/champagnes-cepages-ancien\/champagne-aubry-le-nombre-dor-millesime-2020\/","og_site_name":"Champagne Aubry - Jouy-l\u00e8s-Reims","article_modified_time":"2025-11-09T13:19:08+00:00","og_image":[{"width":1920,"height":2560,"url":"https:\/\/www.champagne-aubry.com\/wp-content\/uploads\/2025\/03\/Bouteille_de_Champagne_Aubry_le_Nombre_dor_Campaniae_Veteres_Vites-scaled.jpg","type":"image\/jpeg"}],"twitter_card":"summary_large_image","twitter_site":"@champagne_aubry","twitter_misc":{"Estimated reading time":"1 minute"},"schema":{"@context":"https:\/\/schema.org","@graph":[{"@type":"WebPage","@id":"https:\/\/www.champagne-aubry.com\/boutique-en-ligne\/champagnes-cepages-ancien\/champagne-aubry-le-nombre-dor-millesime-2020\/","url":"https:\/\/www.champagne-aubry.com\/boutique-en-ligne\/champagnes-cepages-ancien\/champagne-aubry-le-nombre-dor-millesime-2020\/","name":"Le Nombre d'Or - Brut - 2020 (par 6) - Champagne Aubry - Jouy-l\u00e8s-Reims","isPartOf":{"@id":"https:\/\/www.champagne-aubry.com\/fr\/#website"},"primaryImageOfPage":{"@id":"https:\/\/www.champagne-aubry.com\/boutique-en-ligne\/champagnes-cepages-ancien\/champagne-aubry-le-nombre-dor-millesime-2020\/#primaryimage"},"image":{"@id":"https:\/\/www.champagne-aubry.com\/boutique-en-ligne\/champagnes-cepages-ancien\/champagne-aubry-le-nombre-dor-millesime-2020\/#primaryimage"},"thumbnailUrl":"https:\/\/www.champagne-aubry.com\/wp-content\/uploads\/2025\/03\/Bouteille_de_Champagne_Aubry_le_Nombre_dor_Campaniae_Veteres_Vites-scaled.jpg","datePublished":"2020-11-02T15:40:00+00:00","dateModified":"2025-11-09T13:19:08+00:00","breadcrumb":{"@id":"https:\/\/www.champagne-aubry.com\/boutique-en-ligne\/champagnes-cepages-ancien\/champagne-aubry-le-nombre-dor-millesime-2020\/#breadcrumb"},"inLanguage":"en-GB","potentialAction":[{"@type":"ReadAction","target":["https:\/\/www.champagne-aubry.com\/boutique-en-ligne\/champagnes-cepages-ancien\/champagne-aubry-le-nombre-dor-millesime-2020\/"]}]},{"@type":"ImageObject","inLanguage":"en-GB","@id":"https:\/\/www.champagne-aubry.com\/boutique-en-ligne\/champagnes-cepages-ancien\/champagne-aubry-le-nombre-dor-millesime-2020\/#primaryimage","url":"https:\/\/www.champagne-aubry.com\/wp-content\/uploads\/2025\/03\/Bouteille_de_Champagne_Aubry_le_Nombre_dor_Campaniae_Veteres_Vites-scaled.jpg","contentUrl":"https:\/\/www.champagne-aubry.com\/wp-content\/uploads\/2025\/03\/Bouteille_de_Champagne_Aubry_le_Nombre_dor_Campaniae_Veteres_Vites-scaled.jpg","width":1920,"height":2560,"caption":"Photo d'une bouteille de champagne Aubry Le Nombre d'Or Brut"},{"@type":"BreadcrumbList","@id":"https:\/\/www.champagne-aubry.com\/boutique-en-ligne\/champagnes-cepages-ancien\/champagne-aubry-le-nombre-dor-millesime-2020\/#breadcrumb","itemListElement":[{"@type":"ListItem","position":1,"name":"Accueil","item":"https:\/\/www.champagne-aubry.com\/"},{"@type":"ListItem","position":2,"name":"Boutique","item":"https:\/\/www.champagne-aubry.com\/fr\/boutique-en-ligne\/"},{"@type":"ListItem","position":3,"name":"Le Nombre d&rsquo;Or &#8211; Brut &#8211; 2020 (par 6)"}]},{"@type":"WebSite","@id":"https:\/\/www.champagne-aubry.com\/fr\/#website","url":"https:\/\/www.champagne-aubry.com\/fr\/","name":"Champagne Aubry - Jouy-l\u00e8s-Reims","description":"Le Site de la Maison de Champagne L. Aubry Fils","publisher":{"@id":"https:\/\/www.champagne-aubry.com\/fr\/#organization"},"potentialAction":[{"@type":"SearchAction","target":{"@type":"EntryPoint","urlTemplate":"https:\/\/www.champagne-aubry.com\/fr\/?s={search_term_string}"},"query-input":{"@type":"PropertyValueSpecification","valueRequired":true,"valueName":"search_term_string"}}],"inLanguage":"en-GB"},{"@type":"Organization","@id":"https:\/\/www.champagne-aubry.com\/fr\/#organization","name":"Champagne Aubry","url":"https:\/\/www.champagne-aubry.com\/fr\/","logo":{"@type":"ImageObject","inLanguage":"en-GB","@id":"https:\/\/www.champagne-aubry.com\/fr\/#\/schema\/logo\/image\/","url":"https:\/\/www.champagne-aubry.com\/wp-content\/uploads\/2020\/07\/logo_champagne_aubry_transparent.png","contentUrl":"https:\/\/www.champagne-aubry.com\/wp-content\/uploads\/2020\/07\/logo_champagne_aubry_transparent.png","width":739,"height":231,"caption":"Champagne Aubry"},"image":{"@id":"https:\/\/www.champagne-aubry.com\/fr\/#\/schema\/logo\/image\/"},"sameAs":["https:\/\/x.com\/champagne_aubry","https:\/\/www.instagram.com\/champagne_aubry\/","https:\/\/www.linkedin.com\/company\/champagne-aubry\/"]}]}},"jetpack_sharing_enabled":true,"_links":{"self":[{"href":"https:\/\/www.champagne-aubry.com\/en\/wp-json\/wp\/v2\/product\/12506","targetHints":{"allow":["GET"]}}],"collection":[{"href":"https:\/\/www.champagne-aubry.com\/en\/wp-json\/wp\/v2\/product"}],"about":[{"href":"https:\/\/www.champagne-aubry.com\/en\/wp-json\/wp\/v2\/types\/product"}],"version-history":[{"count":24,"href":"https:\/\/www.champagne-aubry.com\/en\/wp-json\/wp\/v2\/product\/12506\/revisions"}],"predecessor-version":[{"id":14119,"href":"https:\/\/www.champagne-aubry.com\/en\/wp-json\/wp\/v2\/product\/12506\/revisions\/14119"}],"wp:featuredmedia":[{"embeddable":true,"href":"https:\/\/www.champagne-aubry.com\/en\/wp-json\/wp\/v2\/media\/13979"}],"wp:attachment":[{"href":"https:\/\/www.champagne-aubry.com\/en\/wp-json\/wp\/v2\/media?parent=12506"}],"wp:term":[{"taxonomy":"product_brand","embeddable":true,"href":"https:\/\/www.champagne-aubry.com\/en\/wp-json\/wp\/v2\/product_brand?post=12506"},{"taxonomy":"product_cat","embeddable":true,"href":"https:\/\/www.champagne-aubry.com\/en\/wp-json\/wp\/v2\/product_cat?post=12506"},{"taxonomy":"product_tag","embeddable":true,"href":"https:\/\/www.champagne-aubry.com\/en\/wp-json\/wp\/v2\/product_tag?post=12506"}],"curies":[{"name":"wp","href":"https:\/\/api.w.org\/{rel}","templated":true}]}}